{"id":280869,"date":"2025-11-24T07:22:34","date_gmt":"2025-11-24T07:22:34","guid":{"rendered":"https:\/\/omniflowdev.wpenginepowered.com\/?page_id=280869"},"modified":"2026-01-09T02:27:44","modified_gmt":"2026-01-09T02:27:44","slug":"software-firmware","status":"publish","type":"page","link":"https:\/\/www.omniflow.com\/pt\/software-firmware\/","title":{"rendered":"Software e firmware"},"content":{"rendered":"<p>[et_pb_section fb_built=\u201d1\u2033 admin_label=\u201dCabe\u00e7alho\u201d _builder_version=\u201d4.27.4\u2033 _module_preset=\u201ddefault\u201d custom_padding=\u201d0px||3px|||false|false\u201d collapsed=\u201doff\u201d global_colors_info=\u201d{}\u201d][et_pb_row _builder_version=\u201d4.27.4\u2033 _module_preset=\u201ddefault\u201d saved_tabs=\u201dall\u201d global_colors_info=\u201d{}\u201d][et_pb_column type=\u201d4_4\u2033 _builder_version=\u201d4.27.4\u2033 _module_preset=\u201ddefault\u201d global_colors_info=\u201d{}\u201d][et_pb_text disabled_on=\u201don|off|off\u201d admin_label=\u201dM\u00f3dulo - T\u00edtulo da subp\u00e1gina\u201d _builder_version=\u201d4.27.4\u2033 _module_preset=\u201ddefault\u201d text_text_color=\u201d#333333\u2033 text_font_size=\u201d17px\u201d header_text_align=\u201dleft\u201d header_font_size=\u201d25px\u201d positioning=\u201drelative\u201d vertical_offset=\u201d0px\u201d horizontal_offset=\u201d0px\u201d z_index=\u201d0\u2033 custom_margin=\u201d||10px||false|false\u201d global_module=\u201d280504\u2033 saved_tabs=\u201dall\u201d locked=\u201doff\u201d global_colors_info=\u201d{}\u201d]<\/p>\n<h1><strong>Software e firmware<\/strong><\/h1>\n<p>[\/et_pb_text][et_pb_text admin_label=&#8221;Module &#8211; Subpage Subtitle&#8221; _builder_version=&#8221;4.27.4&#8243; _module_preset=&#8221;default&#8221; text_font_size=&#8221;20px&#8221; header_text_align=&#8221;left&#8221; positioning=&#8221;relative&#8221; vertical_offset=&#8221;0px&#8221; horizontal_offset=&#8221;0px&#8221; z_index=&#8221;0&#8243; custom_margin=&#8221;||-4px|||&#8221; custom_css_main_element=&#8221;background: url(%22\/wp-content\/uploads\/2025\/09\/red-line-2.png%22);||background-repeat: no-repeat;||background-position: bottom left;||text-shadow: none;||padding-bottom: 15px&#8221; global_module=&#8221;280506&#8243; saved_tabs=&#8221;all&#8221; locked=&#8221;off&#8221; global_colors_info=&#8221;{}&#8221;]<\/p>\n<p>Protegendo o que \u00e9 mais importante na transfer\u00eancia de cust\u00f3dia<\/p>\n<p>[\/et_pb_text][\/et_pb_column][\/et_pb_row][\/et_pb_section][et_pb_section fb_built=&#8221;1&#8243; admin_label=&#8221;Hero&#8221; _builder_version=&#8221;4.27.4&#8243; _module_preset=&#8221;default&#8221; background_color=&#8221;rgba(234,234,234,0.41)&#8221; custom_padding=&#8221;20px||20px||false|false&#8221; saved_tabs=&#8221;all&#8221; locked=&#8221;off&#8221; collapsed=&#8221;off&#8221; global_colors_info=&#8221;{}&#8221;][et_pb_row column_structure=&#8221;1_3,2_3&#8243; _builder_version=&#8221;4.27.4&#8243; _module_preset=&#8221;default&#8221; custom_padding=&#8221;0px||0px|||&#8221; global_colors_info=&#8221;{}&#8221;][et_pb_column type=&#8221;1_3&#8243; _builder_version=&#8221;4.27.4&#8243; _module_preset=&#8221;default&#8221; global_colors_info=&#8221;{}&#8221;][et_pb_image src=&#8221;https:\/\/omnifc.wpenginepowered.com\/wp-content\/uploads\/2025\/11\/Increase-Reliability.jpg&#8221; title_text=&#8221;Increase Reliability &#8211; 10&#8243; admin_label=&#8221;Module &#8211; Side Image Rounded&#8221; _builder_version=&#8221;4.27.4&#8243; _module_preset=&#8221;default&#8221; background_enable_image=&#8221;off&#8221; custom_padding=&#8221;||3px|||&#8221; border_radii=&#8221;on|10px|10px|10px|10px&#8221; global_module=&#8221;280480&#8243; saved_tabs=&#8221;all&#8221; locked=&#8221;off&#8221; global_colors_info=&#8221;{}&#8221;][\/et_pb_image][\/et_pb_column][et_pb_column type=&#8221;2_3&#8243; _builder_version=&#8221;4.27.4&#8243; _module_preset=&#8221;default&#8221; global_colors_info=&#8221;{}&#8221;][et_pb_text disabled_on=&#8221;on|off|off&#8221; admin_label=&#8221;Module &#8211; Subpage Title&#8221; _builder_version=&#8221;4.27.4&#8243; _module_preset=&#8221;default&#8221; text_text_color=&#8221;#333333&#8243; text_font_size=&#8221;17px&#8221; header_text_align=&#8221;left&#8221; header_font_size=&#8221;25px&#8221; positioning=&#8221;relative&#8221; vertical_offset=&#8221;0px&#8221; horizontal_offset=&#8221;0px&#8221; z_index=&#8221;0&#8243; custom_margin=&#8221;||10px||false|false&#8221; global_module=&#8221;280504&#8243; saved_tabs=&#8221;all&#8221; locked=&#8221;off&#8221; global_colors_info=&#8221;{}&#8221;]<\/p>\n<h1><strong>OMNIPANEL<\/strong><\/h1>\n<p>[\/et_pb_text][et_pb_text admin_label=\u201dM\u00f3dulo - Par\u00e1grafo\u201d _builder_version=\u201d4.27.4\u2033 _module_preset=\u201ddefault\u201d custom_padding=\u201d0px||0px|||false|false\u201d custom_css_main_element=\u201dstrong {|| color: black;||}\u201d global_module=\u201d280493\u2033 saved_tabs=\u201dall\u201d locked=\u201doff\u201d global_colors_info=\u201d{}\u201d]<\/p>\n<p data-start=\"0\" data-end=\"529\">O OMNIPANEL \u00e9 uma interface de operador remoto baseada no Windows que espelha o painel frontal f\u00edsico do computador de vaz\u00e3o OMNI 4000\/7000. Ela fornece aos t\u00e9cnicos e \u00e0s equipes de medi\u00e7\u00e3o exatamente a mesma navega\u00e7\u00e3o, indicadores de status, menus e telas operacionais que eles veriam no pr\u00f3prio dispositivo - acess\u00edvel por meio de conex\u00f5es USB, serial ou Ethernet. Isso permite que os usu\u00e1rios monitorem execu\u00e7\u00f5es de medidores, lotes, opera\u00e7\u00f5es de provadores, alarmes, diagn\u00f3sticos e status do sistema em tempo real sem estarem fisicamente presentes na esta\u00e7\u00e3o de medi\u00e7\u00e3o.<\/p>\n<p data-start=\"531\" data-end=\"900\" data-is-last-node=\"\" data-is-only-node=\"\">Projetado para ambientes de confiabilidade e baixa largura de banda, o OMNIPANEL oferece suporte ao gerenciamento de v\u00e1rios dispositivos, controles de acesso seguro e visibilidade operacional total em aplica\u00e7\u00f5es de dutos, terminais, mar\u00edtimas, g\u00e1s, LGN e refino. Ele n\u00e3o \u00e9 uma ferramenta de configura\u00e7\u00e3o; em vez disso, funciona como uma HMI remota precisa para opera\u00e7\u00f5es, solu\u00e7\u00e3o de problemas, verifica\u00e7\u00e3o e suporte de auditoria.<\/p>\n<p>[\/et_pb_text][\/et_pb_column][\/et_pb_row][\/et_pb_section][et_pb_section fb_built=&#8221;1&#8243; admin_label=&#8221;Hero&#8221; _builder_version=&#8221;4.27.4&#8243; _module_preset=&#8221;default&#8221; background_color=&#8221;rgba(234,234,234,0.41)&#8221; custom_padding=&#8221;20px||20px||false|false&#8221; saved_tabs=&#8221;all&#8221; locked=&#8221;off&#8221; collapsed=&#8221;off&#8221; global_colors_info=&#8221;{}&#8221;][et_pb_row column_structure=&#8221;1_3,2_3&#8243; _builder_version=&#8221;4.27.4&#8243; _module_preset=&#8221;default&#8221; custom_padding=&#8221;0px||0px|||&#8221; global_colors_info=&#8221;{}&#8221;][et_pb_column type=&#8221;1_3&#8243; _builder_version=&#8221;4.27.4&#8243; _module_preset=&#8221;default&#8221; global_colors_info=&#8221;{}&#8221;][et_pb_image src=&#8221;https:\/\/omnifc.wpenginepowered.com\/wp-content\/uploads\/2025\/11\/omni-534wtegsdfv.jpg&#8221; title_text=&#8221;Increase Reliability &#8211; 10&#8243; admin_label=&#8221;Module &#8211; Side Image Rounded&#8221; _builder_version=&#8221;4.27.4&#8243; _module_preset=&#8221;default&#8221; background_enable_image=&#8221;off&#8221; custom_padding=&#8221;||3px|||&#8221; border_radii=&#8221;on|10px|10px|10px|10px&#8221; global_module=&#8221;280480&#8243; saved_tabs=&#8221;all&#8221; locked=&#8221;off&#8221; global_colors_info=&#8221;{}&#8221;][\/et_pb_image][\/et_pb_column][et_pb_column type=&#8221;2_3&#8243; _builder_version=&#8221;4.27.4&#8243; _module_preset=&#8221;default&#8221; global_colors_info=&#8221;{}&#8221;][et_pb_text disabled_on=&#8221;on|off|off&#8221; admin_label=&#8221;Module &#8211; Subpage Title&#8221; _builder_version=&#8221;4.27.4&#8243; _module_preset=&#8221;default&#8221; text_text_color=&#8221;#333333&#8243; text_font_size=&#8221;17px&#8221; header_text_align=&#8221;left&#8221; header_font_size=&#8221;25px&#8221; positioning=&#8221;relative&#8221; vertical_offset=&#8221;0px&#8221; horizontal_offset=&#8221;0px&#8221; z_index=&#8221;0&#8243; custom_margin=&#8221;||10px||false|false&#8221; global_module=&#8221;280504&#8243; saved_tabs=&#8221;all&#8221; locked=&#8221;off&#8221; global_colors_info=&#8221;{}&#8221;]<\/p>\n<h1><strong>Testador Modbus<\/strong><\/h1>\n<p>[\/et_pb_text][et_pb_text admin_label=\u201dM\u00f3dulo - Par\u00e1grafo\u201d _builder_version=\u201d4.27.4\u2033 _module_preset=\u201ddefault\u201d custom_padding=\u201d0px||0px|||false|false\u201d custom_css_main_element=\u201dstrong {|| color: black;||}\u201d global_module=\u201d280493\u2033 saved_tabs=\u201dall\u201d locked=\u201doff\u201d global_colors_info=\u201d{}\u201d]<\/p>\n<article class=\"text-token-text-primary w-full focus:outline-none [--shadow-height:45px] has-data-writing-block:pointer-events-none has-data-writing-block:-mt-(--shadow-height) has-data-writing-block:pt-(--shadow-height) [&amp;:has([data-writing-block])&gt;*]:pointer-events-auto [content-visibility:auto] supports-[content-visibility:auto]:[contain-intrinsic-size:auto_100lvh] scroll-mt-[calc(var(--header-height)+min(200px,max(70px,20svh)))]\" dir=\"auto\" data-turn-id=\"a5b9068a-3bb3-488a-b8a1-f3254d6b049f\" data-testid=\"conversation-turn-28\" data-scroll-anchor=\"true\" data-turn=\"assistant\" tabindex=\"-1\">\n<div class=\"text-base my-auto mx-auto pb-10 [--thread-content-margin:--spacing(4)] thread-sm:[--thread-content-margin:--spacing(6)] thread-lg:[--thread-content-margin:--spacing(16)] px-(--thread-content-margin)\">\n<div class=\"[--thread-content-max-width:40rem] thread-lg:[--thread-content-max-width:48rem] mx-auto max-w-(--thread-content-max-width) flex-1 group\/turn-messages focus-visible:outline-hidden relative flex w-full min-w-0 flex-col agent-turn\" tabindex=\"-1\">\n<div class=\"flex max-w-full flex-col grow\">\n<div data-message-author-role=\"assistant\" data-message-id=\"91851f35-1e56-4746-9bb5-db8624767495\" dir=\"auto\" class=\"min-h-8 text-message relative flex w-full flex-col items-end gap-2 text-start break-words whitespace-normal [.text-message+&amp;]:mt-1\" data-message-model-slug=\"gpt-5-1\">\n<div class=\"flex w-full flex-col gap-1 empty:hidden first:pt-[1px]\">\n<div class=\"markdown prose dark:prose-invert w-full break-words dark markdown-new-styling\">\n<p data-start=\"0\" data-end=\"666\" data-is-last-node=\"\" data-is-only-node=\"\"><strong data-start=\"0\" data-end=\"17\" data-is-only-node=\"\">Testador Modbus<\/strong> \u00e9 um utilit\u00e1rio leve para PC usado para verificar e solucionar problemas de comunica\u00e7\u00e3o Modbus entre sistemas host e computadores de fluxo OMNI. Ele permite que os t\u00e9cnicos pesquisem registros, validem dados em tempo real, confirmem o mapeamento de registros e testem os caminhos de comunica\u00e7\u00e3o serial e Ethernet durante o comissionamento ou o diagn\u00f3stico. Ao fornecer visibilidade direta das solicita\u00e7\u00f5es e respostas do Modbus, o Modbus Tester ajuda a garantir que os sistemas SCADA, DCS, PLC e HMI estejam recebendo dados de medi\u00e7\u00e3o precisos e rastre\u00e1veis do OMNI 4000\/7000, tornando-o uma ferramenta essencial para integra\u00e7\u00e3o, solu\u00e7\u00e3o de problemas e manuten\u00e7\u00e3o da integridade da comunica\u00e7\u00e3o em ambientes de transfer\u00eancia de cust\u00f3dia.<\/p>\n<\/div>\n<\/div>\n<\/div>\n<\/div>\n<div class=\"z-0 flex min-h-[46px] justify-start\"><\/div>\n<div class=\"mt-3 w-full empty:hidden\">\n<div class=\"text-center\"><\/div>\n<\/div>\n<\/div>\n<\/div>\n<\/article>\n<div aria-hidden=\"true\" data-edge=\"true\" class=\"pointer-events-none h-px w-px\"><\/div>\n<p>[\/et_pb_text][\/et_pb_column][\/et_pb_row][\/et_pb_section][et_pb_section fb_built=&#8221;1&#8243; admin_label=&#8221;Hero&#8221; _builder_version=&#8221;4.27.4&#8243; _module_preset=&#8221;default&#8221; background_color=&#8221;rgba(234,234,234,0.41)&#8221; custom_padding=&#8221;20px||20px||false|false&#8221; saved_tabs=&#8221;all&#8221; locked=&#8221;off&#8221; collapsed=&#8221;off&#8221; global_colors_info=&#8221;{}&#8221;][et_pb_row column_structure=&#8221;1_3,2_3&#8243; _builder_version=&#8221;4.27.4&#8243; _module_preset=&#8221;default&#8221; custom_padding=&#8221;0px||0px|||&#8221; global_colors_info=&#8221;{}&#8221;][et_pb_column type=&#8221;1_3&#8243; _builder_version=&#8221;4.27.4&#8243; _module_preset=&#8221;default&#8221; global_colors_info=&#8221;{}&#8221;][et_pb_image src=&#8221;https:\/\/omnifc.wpenginepowered.com\/wp-content\/uploads\/2025\/11\/6b76c365-4c1f-4aff-b75b-97a485a2f3b5.jpg&#8221; title_text=&#8221;Increase Reliability &#8211; 10&#8243; admin_label=&#8221;Module &#8211; Side Image Rounded&#8221; _builder_version=&#8221;4.27.4&#8243; _module_preset=&#8221;default&#8221; background_enable_image=&#8221;off&#8221; custom_padding=&#8221;||3px|||&#8221; border_radii=&#8221;on|10px|10px|10px|10px&#8221; global_module=&#8221;280480&#8243; saved_tabs=&#8221;all&#8221; locked=&#8221;off&#8221; global_colors_info=&#8221;{}&#8221;][\/et_pb_image][\/et_pb_column][et_pb_column type=&#8221;2_3&#8243; _builder_version=&#8221;4.27.4&#8243; _module_preset=&#8221;default&#8221; global_colors_info=&#8221;{}&#8221;][et_pb_text disabled_on=&#8221;on|off|off&#8221; admin_label=&#8221;Module &#8211; Subpage Title&#8221; _builder_version=&#8221;4.27.4&#8243; _module_preset=&#8221;default&#8221; text_text_color=&#8221;#333333&#8243; text_font_size=&#8221;17px&#8221; header_text_align=&#8221;left&#8221; header_font_size=&#8221;25px&#8221; positioning=&#8221;relative&#8221; vertical_offset=&#8221;0px&#8221; horizontal_offset=&#8221;0px&#8221; z_index=&#8221;0&#8243; custom_margin=&#8221;||10px||false|false&#8221; global_module=&#8221;280504&#8243; saved_tabs=&#8221;all&#8221; locked=&#8221;off&#8221; global_colors_info=&#8221;{}&#8221;]<\/p>\n<h1><strong>SmartFlash<\/strong><\/h1>\n<p>[\/et_pb_text][et_pb_text admin_label=\u201dM\u00f3dulo - Par\u00e1grafo\u201d _builder_version=\u201d4.27.4\u2033 _module_preset=\u201ddefault\u201d custom_padding=\u201d0px||0px|||false|false\u201d custom_css_main_element=\u201dstrong {|| color: black;||}\u201d global_module=\u201d280493\u2033 saved_tabs=\u201dall\u201d locked=\u201doff\u201d global_colors_info=\u201d{}\u201d]<\/p>\n<p data-start=\"984\" data-end=\"1351\"><strong data-start=\"984\" data-end=\"998\">SmartFlash<\/strong> \u00e9 um utilit\u00e1rio leve do Windows, projetado especificamente para atualizar o firmware em CPUs baseadas em Flash OMNI por meio de uma conex\u00e3o direta com o Windows. <strong data-start=\"1118\" data-end=\"1136\">Conex\u00e3o USB<\/strong>. Ao contr\u00e1rio do OMNICONNECT, que \u00e9 uma su\u00edte completa de configura\u00e7\u00e3o, diagn\u00f3stico e opera\u00e7\u00f5es, o SmartFlash \u00e9 um <strong data-start=\"1238\" data-end=\"1261\">ferramenta de uso \u00fanico<\/strong> concentrou-se exclusivamente na transfer\u00eancia segura da imagem do firmware da CPU para o computador de fluxo.<\/p>\n<p data-start=\"1353\" data-end=\"1871\">O SmartFlash se comunica com a CPU OMNI por meio do <strong data-start=\"1407\" data-end=\"1433\">Porta de dispositivo USB Mini-B<\/strong> no painel frontal ou na placa da CPU. Quando conectado, o utilit\u00e1rio coloca a CPU no modo de atualiza\u00e7\u00e3o de firmware, verifica a identidade do dispositivo e transfere o novo arquivo de firmware em uma sequ\u00eancia controlada para proteger a integridade do sistema. Isso garante que o firmware possa ser atualizado sem a necessidade de cart\u00f5es SD ou conectividade de rede, tornando o SmartFlash ideal para laptops de campo, equipes de servi\u00e7o e atualiza\u00e7\u00f5es controladas em ambientes de transfer\u00eancia de cust\u00f3dia regulamentados.<\/p>\n<p data-start=\"1873\" data-end=\"2263\">O utilit\u00e1rio verifica a integridade do arquivo antes de fazer o flash, executa verifica\u00e7\u00f5es de status durante a transfer\u00eancia e fornece uma confirma\u00e7\u00e3o quando o firmware \u00e9 instalado com sucesso. Como o firmware OMNI \u00e9 controlado metrologicamente e n\u00e3o pode ser modificado pelo usu\u00e1rio, o SmartFlash n\u00e3o permite a edi\u00e7\u00e3o ou a manipula\u00e7\u00e3o do firmware - somente a instala\u00e7\u00e3o autenticada de pacotes de firmware validados.<\/p>\n<p>[\/et_pb_text][\/et_pb_column][\/et_pb_row][\/et_pb_section][et_pb_section fb_built=&#8221;1&#8243; admin_label=&#8221;Hero&#8221; _builder_version=&#8221;4.27.4&#8243; _module_preset=&#8221;default&#8221; background_color=&#8221;rgba(234,234,234,0.41)&#8221; custom_padding=&#8221;20px||20px||false|false&#8221; saved_tabs=&#8221;all&#8221; locked=&#8221;off&#8221; collapsed=&#8221;off&#8221; global_colors_info=&#8221;{}&#8221;][et_pb_row column_structure=&#8221;1_3,2_3&#8243; _builder_version=&#8221;4.27.4&#8243; _module_preset=&#8221;default&#8221; custom_padding=&#8221;0px||0px|||&#8221; global_colors_info=&#8221;{}&#8221;][et_pb_column type=&#8221;1_3&#8243; _builder_version=&#8221;4.27.4&#8243; _module_preset=&#8221;default&#8221; global_colors_info=&#8221;{}&#8221;][et_pb_image src=&#8221;https:\/\/omnifc.wpenginepowered.com\/wp-content\/uploads\/2025\/11\/omni-weqdafss.jpg&#8221; title_text=&#8221;Increase Reliability &#8211; 10&#8243; admin_label=&#8221;Module &#8211; Side Image Rounded&#8221; _builder_version=&#8221;4.27.4&#8243; _module_preset=&#8221;default&#8221; background_enable_image=&#8221;off&#8221; custom_padding=&#8221;||3px|||&#8221; border_radii=&#8221;on|10px|10px|10px|10px&#8221; global_module=&#8221;280480&#8243; saved_tabs=&#8221;all&#8221; locked=&#8221;off&#8221; global_colors_info=&#8221;{}&#8221;][\/et_pb_image][\/et_pb_column][et_pb_column type=&#8221;2_3&#8243; _builder_version=&#8221;4.27.4&#8243; _module_preset=&#8221;default&#8221; global_colors_info=&#8221;{}&#8221;][et_pb_text disabled_on=&#8221;on|off|off&#8221; admin_label=&#8221;Module &#8211; Subpage Title&#8221; _builder_version=&#8221;4.27.4&#8243; _module_preset=&#8221;default&#8221; text_text_color=&#8221;#333333&#8243; text_font_size=&#8221;17px&#8221; header_text_align=&#8221;left&#8221; header_font_size=&#8221;25px&#8221; positioning=&#8221;relative&#8221; vertical_offset=&#8221;0px&#8221; horizontal_offset=&#8221;0px&#8221; z_index=&#8221;0&#8243; custom_margin=&#8221;||10px||false|false&#8221; global_module=&#8221;280504&#8243; saved_tabs=&#8221;all&#8221; locked=&#8221;off&#8221; global_colors_info=&#8221;{}&#8221;]<\/p>\n<h1><strong>Utilit\u00e1rio de rede<\/strong><\/h1>\n<p>[\/et_pb_text][et_pb_text admin_label=\u201dM\u00f3dulo - Par\u00e1grafo\u201d _builder_version=\u201d4.27.4\u2033 _module_preset=\u201ddefault\u201d custom_padding=\u201d0px||0px|||false|false\u201d custom_css_main_element=\u201dstrong {|| color: black;||}\u201d global_module=\u201d280493\u2033 saved_tabs=\u201dall\u201d locked=\u201doff\u201d global_colors_info=\u201d{}\u201d]<\/p>\n<p data-start=\"984\" data-end=\"1351\">O Network Utility \u00e9 uma ferramenta de software baseada em PC usada para descobrir, identificar e configurar m\u00f3dulos Ethernet instalados em computadores de fluxo OMNI em uma rede local ou em toda a planta. Ele permite que os t\u00e9cnicos procurem rapidamente os dispositivos OMNI conectados, visualizem o endere\u00e7amento IP e os detalhes da porta e ajustem os par\u00e2metros de rede, como endere\u00e7o IP, m\u00e1scara de sub-rede e configura\u00e7\u00f5es de gateway. Ao fornecer uma vis\u00e3o clara de todos os m\u00f3dulos OMNI Ethernet na rede, o Network Utility simplifica o comissionamento, a solu\u00e7\u00e3o de problemas e a integra\u00e7\u00e3o do local, garantindo uma comunica\u00e7\u00e3o segura e confi\u00e1vel entre os computadores de fluxo OMNI e os sistemas SCADA, DCS, PLC ou corporativos.<\/p>\n<p>[\/et_pb_text][\/et_pb_column][\/et_pb_row][\/et_pb_section][et_pb_section fb_built=&#8221;1&#8243; admin_label=&#8221;Hero&#8221; _builder_version=&#8221;4.27.4&#8243; _module_preset=&#8221;default&#8221; background_color=&#8221;rgba(234,234,234,0.41)&#8221; custom_padding=&#8221;20px||20px||false|false&#8221; saved_tabs=&#8221;all&#8221; locked=&#8221;off&#8221; collapsed=&#8221;off&#8221; global_colors_info=&#8221;{}&#8221;][et_pb_row column_structure=&#8221;1_3,2_3&#8243; _builder_version=&#8221;4.27.4&#8243; _module_preset=&#8221;default&#8221; custom_padding=&#8221;0px||0px|||&#8221; global_colors_info=&#8221;{}&#8221;][et_pb_column type=&#8221;1_3&#8243; _builder_version=&#8221;4.27.4&#8243; _module_preset=&#8221;default&#8221; global_colors_info=&#8221;{}&#8221;][et_pb_image src=&#8221;https:\/\/omnifc.wpenginepowered.com\/wp-content\/uploads\/2025\/11\/omni-werasdf43.jpg&#8221; title_text=&#8221;Increase Reliability &#8211; 10&#8243; admin_label=&#8221;Module &#8211; Side Image Rounded&#8221; _builder_version=&#8221;4.27.4&#8243; _module_preset=&#8221;default&#8221; background_enable_image=&#8221;off&#8221; custom_padding=&#8221;||3px|||&#8221; border_radii=&#8221;on|10px|10px|10px|10px&#8221; global_module=&#8221;280480&#8243; saved_tabs=&#8221;all&#8221; locked=&#8221;off&#8221; global_colors_info=&#8221;{}&#8221;][\/et_pb_image][\/et_pb_column][et_pb_column type=&#8221;2_3&#8243; _builder_version=&#8221;4.27.4&#8243; _module_preset=&#8221;default&#8221; global_colors_info=&#8221;{}&#8221;][et_pb_text disabled_on=&#8221;on|off|off&#8221; admin_label=&#8221;Module &#8211; Subpage Title&#8221; _builder_version=&#8221;4.27.4&#8243; _module_preset=&#8221;default&#8221; text_text_color=&#8221;#333333&#8243; text_font_size=&#8221;17px&#8221; header_text_align=&#8221;left&#8221; header_font_size=&#8221;25px&#8221; positioning=&#8221;relative&#8221; vertical_offset=&#8221;0px&#8221; horizontal_offset=&#8221;0px&#8221; z_index=&#8221;0&#8243; custom_margin=&#8221;||10px||false|false&#8221; global_module=&#8221;280504&#8243; saved_tabs=&#8221;all&#8221; locked=&#8221;off&#8221; global_colors_info=&#8221;{}&#8221;]<\/p>\n<h1><strong>WINPANEL<\/strong><\/h1>\n<p>[\/et_pb_text][et_pb_text admin_label=\u201dM\u00f3dulo - Par\u00e1grafo\u201d _builder_version=\u201d4.27.4\u2033 _module_preset=\u201ddefault\u201d custom_padding=\u201d0px||0px|||false|false\u201d custom_css_main_element=\u201dstrong {|| color: black;||}\u201d global_module=\u201d280493\u2033 saved_tabs=\u201dall\u201d locked=\u201doff\u201d global_colors_info=\u201d{}\u201d]<\/p>\n<article class=\"text-token-text-primary w-full focus:outline-none [--shadow-height:45px] has-data-writing-block:pointer-events-none has-data-writing-block:-mt-(--shadow-height) has-data-writing-block:pt-(--shadow-height) [&amp;:has([data-writing-block])&gt;*]:pointer-events-auto [content-visibility:auto] supports-[content-visibility:auto]:[contain-intrinsic-size:auto_100lvh] scroll-mt-[calc(var(--header-height)+min(200px,max(70px,20svh)))]\" dir=\"auto\" data-turn-id=\"52966c60-df1e-4f6a-a054-d0130b5d54cf\" data-testid=\"conversation-turn-40\" data-scroll-anchor=\"true\" data-turn=\"assistant\" tabindex=\"-1\">\n<div class=\"text-base my-auto mx-auto pb-10 [--thread-content-margin:--spacing(4)] thread-sm:[--thread-content-margin:--spacing(6)] thread-lg:[--thread-content-margin:--spacing(16)] px-(--thread-content-margin)\">\n<div class=\"[--thread-content-max-width:40rem] thread-lg:[--thread-content-max-width:48rem] mx-auto max-w-(--thread-content-max-width) flex-1 group\/turn-messages focus-visible:outline-hidden relative flex w-full min-w-0 flex-col agent-turn\" tabindex=\"-1\">\n<div class=\"flex max-w-full flex-col grow\">\n<div data-message-author-role=\"assistant\" data-message-id=\"debf2b92-103a-4b64-a05e-41de4a53e44c\" dir=\"auto\" class=\"min-h-8 text-message relative flex w-full flex-col items-end gap-2 text-start break-words whitespace-normal [.text-message+&amp;]:mt-1\" data-message-model-slug=\"gpt-5-1\">\n<div class=\"flex w-full flex-col gap-1 empty:hidden first:pt-[1px]\">\n<div class=\"markdown prose dark:prose-invert w-full break-words dark markdown-new-styling\">\n<p data-start=\"0\" data-end=\"631\" data-is-last-node=\"\" data-is-only-node=\"\">O WINPANEL \u00e9 uma interface de opera\u00e7\u00e3o remota baseada no Windows projetada para os computadores de vaz\u00e3o das s\u00e9ries OMNI 3000 e 6000. Ela espelha toda a funcionalidade do painel frontal f\u00edsico, permitindo que t\u00e9cnicos e operadores visualizem telas, naveguem pelos menus, reconhe\u00e7am alarmes e executem tarefas operacionais exatamente como se estivessem na unidade. Acess\u00edvel por meio de conex\u00f5es seriais ou Ethernet, o WINPANEL permite o monitoramento e o controle remotos de v\u00e1rios dispositivos OMNI 3000\/6000 a partir de um \u00fanico computador ou tablet Windows, o que o torna uma ferramenta valiosa para t\u00e9cnicos de campo e pessoal da sala de controle que d\u00e1 suporte a instala\u00e7\u00f5es OMNI antigas.<\/p>\n<\/div>\n<\/div>\n<\/div>\n<\/div>\n<div class=\"z-0 flex min-h-[46px] justify-start\"><\/div>\n<div class=\"mt-3 w-full empty:hidden\">\n<div class=\"text-center\"><\/div>\n<\/div>\n<\/div>\n<\/div>\n<\/article>\n<div aria-hidden=\"true\" data-edge=\"true\" class=\"pointer-events-none h-px w-px\"><\/div>\n<p>[\/et_pb_text][\/et_pb_column][\/et_pb_row][\/et_pb_section]<\/p>","protected":false},"excerpt":{"rendered":"<p>Software &#038; FirmwareProtecting What Matters Most in Custody TransferOMNIPANELOMNIPANEL is a Windows-based remote operator interface that mirrors the physical front panel of the OMNI 4000\/7000 flow computer. It provides technicians and measurement teams with the exact same navigation, status indicators, menus, and operational screens they would see on the device itself\u2014accessible through USB, serial, or [&hellip;]<\/p>","protected":false},"author":1,"featured_media":0,"parent":0,"menu_order":0,"comment_status":"closed","ping_status":"closed","template":"","meta":{"_et_pb_use_builder":"on","_et_pb_old_content":"","_et_gb_content_width":"","footnotes":""},"class_list":["post-280869","page","type-page","status-publish","hentry"],"_links":{"self":[{"href":"https:\/\/www.omniflow.com\/pt\/wp-json\/wp\/v2\/pages\/280869","targetHints":{"allow":["GET"]}}],"collection":[{"href":"https:\/\/www.omniflow.com\/pt\/wp-json\/wp\/v2\/pages"}],"about":[{"href":"https:\/\/www.omniflow.com\/pt\/wp-json\/wp\/v2\/types\/page"}],"author":[{"embeddable":true,"href":"https:\/\/www.omniflow.com\/pt\/wp-json\/wp\/v2\/users\/1"}],"replies":[{"embeddable":true,"href":"https:\/\/www.omniflow.com\/pt\/wp-json\/wp\/v2\/comments?post=280869"}],"version-history":[{"count":0,"href":"https:\/\/www.omniflow.com\/pt\/wp-json\/wp\/v2\/pages\/280869\/revisions"}],"wp:attachment":[{"href":"https:\/\/www.omniflow.com\/pt\/wp-json\/wp\/v2\/media?parent=280869"}],"curies":[{"name":"wp","href":"https:\/\/api.w.org\/{rel}","templated":true}]}}