{"id":280530,"date":"2025-10-02T04:30:17","date_gmt":"2025-10-02T04:30:17","guid":{"rendered":"https:\/\/omniflowdev.wpenginepowered.com\/?page_id=280530"},"modified":"2026-01-29T23:19:11","modified_gmt":"2026-01-29T23:19:11","slug":"history","status":"publish","type":"page","link":"https:\/\/www.omniflow.com\/it\/history\/","title":{"rendered":"La storia"},"content":{"rendered":"<p>[et_pb_section fb_built=\u201d1\u2033 admin_label=\u201dSection \u2013 Subpage Title\u201d _builder_version=\u201d4.27.4\u2033 _module_preset=\u201ddefault\u201d custom_padding=\u201d0px||0px||false|false\u201d global_colors_info=\u201d{}\u201d][et_pb_row _builder_version=\u201d4.27.4\u2033 _module_preset=\u201ddefault\u201d custom_padding=\u201d40px||20px||false|false\u201d global_colors_info=\u201d{}\u201d][et_pb_column type=\u201d4_4\u2033 _builder_version=\u201d4.27.4\u2033 _module_preset=\u201ddefault\u201d global_colors_info=\u201d{}\u201d][et_pb_text disabled_on=\u201don|off|off\u201d admin_label=\u201dModule \u2013 Subpage Title\u201d _builder_version=\u201d4.27.4\u2033 _module_preset=\u201ddefault\u201d text_text_color=\u201d#333333\u2033 text_font_size=\u201d17px\u201d header_text_align=\u201dleft\u201d header_font_size=\u201d25px\u201d positioning=\u201drelative\u201d vertical_offset=\u201d0px\u201d horizontal_offset=\u201d0px\u201d z_index=\u201d0\u2033 custom_margin=\u201d||10px||false|false\u201d global_module=\u201d280504\u2033 saved_tabs=\u201dall\u201d locked=\u201doff\u201d global_colors_info=\u201d{}\u201d]<\/p>\n<h1><strong>La nostra storia<\/strong><\/h1>\n<p>[\/et_pb_text][et_pb_text admin_label=&#8221;Module &#8211; Subpage Subtitle&#8221; _builder_version=&#8221;4.27.4&#8243; _module_preset=&#8221;default&#8221; text_font_size=&#8221;20px&#8221; header_text_align=&#8221;left&#8221; positioning=&#8221;relative&#8221; vertical_offset=&#8221;0px&#8221; horizontal_offset=&#8221;0px&#8221; z_index=&#8221;0&#8243; custom_margin=&#8221;||-4px|||&#8221; custom_css_main_element=&#8221;background: url(%22\/wp-content\/uploads\/2025\/09\/red-line-2.png%22);||background-repeat: no-repeat;||background-position: bottom left;||text-shadow: none;||padding-bottom: 15px&#8221; global_module=&#8221;280506&#8243; saved_tabs=&#8221;all&#8221; locked=&#8221;off&#8221; global_colors_info=&#8221;{}&#8221;]Worldwide trust, assembled in Texas USA.[\/et_pb_text][\/et_pb_column][\/et_pb_row][\/et_pb_section][et_pb_section fb_built=&#8221;1&#8243; admin_label=&#8221;Section &#8211; Picture with floating text row&#8221; _builder_version=&#8221;4.27.4&#8243; _module_preset=&#8221;default&#8221; custom_padding=&#8221;0px||32px|||&#8221; saved_tabs=&#8221;all&#8221; global_colors_info=&#8221;{}&#8221;][et_pb_row _builder_version=&#8221;4.27.4&#8243; _module_preset=&#8221;default&#8221; custom_padding=&#8221;0px||0px|||&#8221; global_colors_info=&#8221;{}&#8221;][et_pb_column type=&#8221;4_4&#8243; _builder_version=&#8221;4.27.4&#8243; _module_preset=&#8221;default&#8221; global_colors_info=&#8221;{}&#8221;][et_pb_text admin_label=&#8221;Module &#8211; Paragraph&#8221; _builder_version=&#8221;4.27.4&#8243; _module_preset=&#8221;default&#8221; custom_padding=&#8221;0px||0px||false|false&#8221; custom_css_main_element=&#8221;strong {||  color: black;||}&#8221; global_module=&#8221;280493&#8243; saved_tabs=&#8221;all&#8221; locked=&#8221;off&#8221; global_colors_info=&#8221;{}&#8221;]OMNI Flow Computers was founded more than three decades ago in Sugar Land, Texas, with a single purpose: to deliver uncompromising accuracy in custody transfer measurement for the oil and gas industry. From the very beginning, OMNI set itself apart by designing flow computers that were purpose-built for reliability, simplicity, and long service life.[\/et_pb_text][\/et_pb_column][\/et_pb_row][\/et_pb_section][et_pb_section fb_built=&#8221;1&#8243; admin_label=&#8221;Defining the Standard&#8221; _builder_version=&#8221;4.27.4&#8243; _module_preset=&#8221;default&#8221; custom_padding=&#8221;27px||9px|||&#8221; global_colors_info=&#8221;{}&#8221;][et_pb_row column_structure=&#8221;1_2,1_2&#8243; _builder_version=&#8221;4.27.4&#8243; _module_preset=&#8221;default&#8221; custom_padding=&#8221;1px||17px|||&#8221; global_colors_info=&#8221;{}&#8221;][et_pb_column type=&#8221;1_2&#8243; _builder_version=&#8221;4.27.4&#8243; _module_preset=&#8221;default&#8221; global_colors_info=&#8221;{}&#8221;][et_pb_text disabled_on=&#8221;on|off|off&#8221; admin_label=&#8221;Module &#8211; Subpage Title&#8221; _builder_version=&#8221;4.27.4&#8243; _module_preset=&#8221;default&#8221; text_text_color=&#8221;#333333&#8243; text_font_size=&#8221;17px&#8221; header_text_align=&#8221;left&#8221; header_font_size=&#8221;25px&#8221; positioning=&#8221;relative&#8221; vertical_offset=&#8221;0px&#8221; horizontal_offset=&#8221;0px&#8221; z_index=&#8221;0&#8243; custom_margin=&#8221;||10px||false|false&#8221; global_module=&#8221;280504&#8243; saved_tabs=&#8221;all&#8221; locked=&#8221;off&#8221; global_colors_info=&#8221;{}&#8221;]<\/p>\n<h1><strong>Origini e primo sviluppo<\/strong><\/h1>\n<p>[\/et_pb_text][et_pb_text admin_label=\u201dModule \u2013 Red Bullet List\u201d _builder_version=\u201d4.27.4\u2033 _module_preset=\u201ddefault\u201d text_font_size=\u201d17px\u201d min_height=\u201d166px\u201d custom_margin=\u201d||0px||false|false\u201d custom_padding=\u201d||0px||false|false\u201d custom_css_main_element=\u201dul {||  list-style-type: square;||  margin-left: 1.2rem; \/* tweak as needed *\/||  padding-left: 0;||}||||ul li::marker {||  color: #e30000; \/* red *\/||}\u201d global_module=\u201d280479\u2033 saved_tabs=\u201dall\u201d global_colors_info=\u201d{}\u201d]<\/p>\n<ul>\n<li><strong>1990-1991:<\/strong> OMNI Flow Computers, Inc. \u00e8 stata fondata nel 1990 a Sugar Land, in Texas, con un unico obiettivo: l'integrit\u00e0 delle misure di trasferimento della custodia.<br \/>I primi computer di flusso OMNI sono stati rilasciati nel 1991 e sono stati immediatamente adottati in applicazioni di trasferimento di custodia di alto valore in cui l'affidabilit\u00e0 e la verificabilit\u00e0 erano irrinunciabili.<\/li>\n<li><strong>1991-1995: <\/strong>Nei primi cinque anni di vita, OMNI si \u00e8 concentrata sui fondamenti ingegneristici che ancora oggi definiscono la piattaforma:\n<ul>\n<li>\n<p>Architettura incentrata sul firmware (non basata su PC)<\/p>\n<\/li>\n<li>\n<p>Calcoli di misura deterministici e verificabili<\/p>\n<\/li>\n<li>\n<p>Hardware progettato per il funzionamento continuo in ambienti di lavoro difficili<\/p>\n<\/li>\n<li>\n<p>Filosofia dell'interfaccia utente coerente per ridurre il rischio operativo<\/p>\n<\/li>\n<\/ul>\n<\/li>\n<li><strong>1995-2000: <\/strong>Alla fine degli anni '90, i computer di flusso OMNI sono stati distribuiti in tutto il mondo:\n<ul>\n<li>Trasferimento di custodia del gasdotto midstream<\/li>\n<li>Terminali e sistemi di carico marittimo<\/li>\n<li>Raffinazione e trasferimento di materie prime petrolchimiche<\/li>\n<li>Applicazioni di misura di gas e liquidi<\/li>\n<\/ul>\n<p>Questo periodo ha segnato <strong>ampia validazione dei sistemi OMNI nel servizio di trasferimento di custodia reale<\/strong>, Molte installazioni di quest'epoca rimarranno in funzione fino al 2025, spesso aggiornate con firmware e componenti piuttosto che sostituite.<\/p>\n<p>La reputazione di OMNI per <strong>integrit\u00e0, longevit\u00e0 e verificabilit\u00e0 delle misure<\/strong> \u00e8 stata fondata in questo periodo, costituendo la base per la futura crescita internazionale e per le approvazioni normative.<\/p>\n<\/li>\n<\/ul>\n<p>[\/et_pb_text][\/et_pb_column][et_pb_column type=\u201d1_2\u2033 _builder_version=\u201d4.27.4\u2033 _module_preset=\u201ddefault\u201d global_colors_info=\u201d{}\u201d][et_pb_image src=\u201dhttps:\/\/omnifc.wpenginepowered.com\/wp-content\/uploads\/2025\/11\/omni-12312.png\u201d title_text=\u201dIncrease Reliability \u2013 10\u2033 admin_label=\u201dModule \u2013 Side Image Rounded\u201d _builder_version=\u201d4.27.4\u2033 _module_preset=\u201ddefault\u201d background_enable_image=\u201doff\u201d custom_padding=\u201d||3px|||\u201d border_radii=\u201don|10px|10px|10px|10px\u201d global_module=\u201d280480\u2033 saved_tabs=\u201dall\u201d locked=\u201doff\u201d global_colors_info=\u201d{}\u201d][\/et_pb_image][et_pb_text disabled_on=\u201don|off|off\u201d admin_label=\u201dModule \u2013 Subpage Title\u201d _builder_version=\u201d4.27.4\u2033 _module_preset=\u201ddefault\u201d text_text_color=\u201d#333333\u2033 text_font_size=\u201d17px\u201d header_text_align=\u201dleft\u201d header_font_size=\u201d25px\u201d positioning=\u201drelative\u201d vertical_offset=\u201d0px\u201d horizontal_offset=\u201d0px\u201d z_index=\u201d0\u2033 custom_margin=\u201d||10px||false|false\u201d global_module=\u201d280504\u2033 saved_tabs=\u201dall\u201d locked=\u201doff\u201d global_colors_info=\u201d{}\u201d]<\/p>\n<h1><strong>Crescita e miglioramento continuo<\/strong><\/h1>\n<p>[\/et_pb_text][et_pb_text admin_label=\u201dModule \u2013 Red Bullet List\u201d _builder_version=\u201d4.27.4\u2033 _module_preset=\u201ddefault\u201d text_font_size=\u201d17px\u201d min_height=\u201d166px\u201d custom_margin=\u201d||0px||false|false\u201d custom_padding=\u201d||0px||false|false\u201d custom_css_main_element=\u201dul {||  list-style-type: square;||  margin-left: 1.2rem; \/* tweak as needed *\/||  padding-left: 0;||}||||ul li::marker {||  color: #e30000; \/* red *\/||}\u201d global_module=\u201d280479\u2033 saved_tabs=\u201dall\u201d global_colors_info=\u201d{}\u201d]<\/p>\n<ul>\n<li data-start=\"651\" data-end=\"797\">\n<p data-start=\"653\" data-end=\"797\"><strong data-start=\"653\" data-end=\"663\">2000s:<\/strong> La serie 3000\/6000 \u00e8 sottoposta a continui miglioramenti, con molteplici aggiornamenti del firmware e dell'hardware che consentono di aggiornare le unit\u00e0 pi\u00f9 vecchie.<\/p>\n<\/li>\n<li data-start=\"798\" data-end=\"889\">\n<p data-start=\"800\" data-end=\"889\"><strong data-start=\"800\" data-end=\"809\">2009:<\/strong> OMNI ottiene la certificazione ISO 9001:2008, sottolineando il suo impegno per la qualit\u00e0.<\/p>\n<\/li>\n<li data-start=\"890\" data-end=\"1002\">\n<p data-start=\"892\" data-end=\"1002\"><strong data-start=\"892\" data-end=\"901\">2016:<\/strong> L'azienda ottiene la certificazione ISO 9001:2015, innalzando il livello del suo sistema di gestione della qualit\u00e0.<\/p>\n<\/li>\n<\/ul>\n<p>[\/et_pb_text][\/et_pb_column][\/et_pb_row][\/et_pb_section][et_pb_section fb_built=\u201d1\u2033 admin_label=\u201dDefining the Standard\u201d _builder_version=\u201d4.27.4\u2033 _module_preset=\u201ddefault\u201d custom_padding=\u201d27px||9px|||\u201d global_colors_info=\u201d{}\u201d][et_pb_row column_structure=\u201d1_2,1_2\u2033 _builder_version=\u201d4.27.4\u2033 _module_preset=\u201ddefault\u201d custom_padding=\u201d1px|||||\u201d global_colors_info=\u201d{}\u201d][et_pb_column type=\u201d1_2\u2033 _builder_version=\u201d4.27.4\u2033 _module_preset=\u201ddefault\u201d global_colors_info=\u201d{}\u201d][et_pb_image src=\u201dhttps:\/\/omnifc.wpenginepowered.com\/wp-content\/uploads\/2025\/11\/Increase-Reliability.jpg\u201d title_text=\u201dIncrease Reliability \u2013 10\u2033 admin_label=\u201dModule \u2013 Side Image Rounded\u201d _builder_version=\u201d4.27.4\u2033 _module_preset=\u201ddefault\u201d background_enable_image=\u201doff\u201d custom_padding=\u201d||3px|||\u201d border_radii=\u201don|10px|10px|10px|10px\u201d global_module=\u201d280480\u2033 saved_tabs=\u201dall\u201d locked=\u201doff\u201d global_colors_info=\u201d{}\u201d][\/et_pb_image][\/et_pb_column][et_pb_column type=\u201d1_2\u2033 _builder_version=\u201d4.27.4\u2033 _module_preset=\u201ddefault\u201d global_colors_info=\u201d{}\u201d][et_pb_text disabled_on=\u201don|off|off\u201d admin_label=\u201dModule \u2013 Subpage Title\u201d _builder_version=\u201d4.27.4\u2033 _module_preset=\u201ddefault\u201d text_text_color=\u201d#333333\u2033 text_font_size=\u201d17px\u201d header_text_align=\u201dleft\u201d header_font_size=\u201d25px\u201d positioning=\u201drelative\u201d vertical_offset=\u201d0px\u201d horizontal_offset=\u201d0px\u201d z_index=\u201d0\u2033 custom_margin=\u201d||10px||false|false\u201d global_module=\u201d280504\u2033 saved_tabs=\u201dall\u201d locked=\u201doff\u201d global_colors_info=\u201d{}\u201d]<\/p>\n<h1><strong>Nuovi prodotti in uscita<\/strong><\/h1>\n<p>[\/et_pb_text][et_pb_text admin_label=\u201dModule \u2013 Red Bullet List\u201d _builder_version=\u201d4.27.4\u2033 _module_preset=\u201ddefault\u201d text_font_size=\u201d17px\u201d min_height=\u201d166px\u201d custom_margin=\u201d||0px||false|false\u201d custom_padding=\u201d||0px||false|false\u201d custom_css_main_element=\u201dul {||  list-style-type: square;||  margin-left: 1.2rem; \/* tweak as needed *\/||  padding-left: 0;||}||||ul li::marker {||  color: #e30000; \/* red *\/||}\u201d global_module=\u201d280479\u2033 saved_tabs=\u201dall\u201d global_colors_info=\u201d{}\u201d]<\/p>\n<ul>\n<li data-start=\"1042\" data-end=\"1257\">\n<p data-start=\"1044\" data-end=\"1257\"><strong data-start=\"1044\" data-end=\"1058\">2018:<\/strong> <span style=\"font-weight: 400;\">OMNI lancia la serie 4000\/7000. Questi prodotti sono caratterizzati da una maggiore sicurezza, da una maggiore capacit\u00e0 di I\/O e da una maggiore conformit\u00e0. Diventano rapidamente il percorso di aggiornamento consigliato per i clienti esistenti.<\/span><\/p>\n<\/li>\n<li data-start=\"1258\" data-end=\"1413\">\n<p data-start=\"1260\" data-end=\"1413\"><strong data-start=\"1260\" data-end=\"1269\">2019:<\/strong> <span style=\"font-weight: 400;\">Debuttano le versioni migliorate della serie originale (3000E\/6000E), con l'aggiunta di una maggiore sicurezza e di un auditing avanzato, oltre a numerose nuove funzionalit\u00e0.<\/span><\/p>\n<\/li>\n<\/ul>\n<p>[\/et_pb_text][et_pb_text disabled_on=\u201don|off|off\u201d admin_label=\u201dModulo - Titolo della sottopagina\u201d _builder_version=\u201d4.27.4\u2033 _module_preset=\u201ddefault\u201d text_text_color=\u201d#3333\u2033 text_font_size=\u201d17px\u201d header_text_align=\u201dleft\u201d header_font_size=\u201d25px\u201d positioning=\u201drelative\u201d vertical_offset=\u201d0px\u201d horizontal_offset=\u201d0px\u201d z_index=\u201d0\u2033 custom_margin=\u201d||10px||false|false\u201d global_module=\u201d280504\u2033 saved_tabs=\u201dall\u201d locked=\u201doff\u201d global_colors_info=\u201d{}\u201d]<\/p>\n<h1><strong>Gestione e modernizzazione del ciclo di vita<\/strong><\/h1>\n<p>[\/et_pb_text][et_pb_text admin_label=\u201dModule \u2013 Red Bullet List\u201d _builder_version=\u201d4.27.4\u2033 _module_preset=\u201ddefault\u201d text_font_size=\u201d17px\u201d min_height=\u201d166px\u201d custom_margin=\u201d||0px||false|false\u201d custom_padding=\u201d||0px||false|false\u201d custom_css_main_element=\u201dul {||  list-style-type: square;||  margin-left: 1.2rem; \/* tweak as needed *\/||  padding-left: 0;||}||||ul li::marker {||  color: #e30000; \/* red *\/||}\u201d global_module=\u201d280479\u2033 saved_tabs=\u201dall\u201d global_colors_info=\u201d{}\u201d]<\/p>\n<ul>\n<li data-start=\"1471\" data-end=\"1567\">\n<p data-start=\"1473\" data-end=\"1567\"><strong data-start=\"1473\" data-end=\"1482\">2013:<\/strong> L'azienda comunica una scadenza decennale per i prodotti 3000\/6000.<\/p>\n<\/li>\n<li data-start=\"1568\" data-end=\"1720\">\n<p data-start=\"1570\" data-end=\"1720\"><strong data-start=\"1570\" data-end=\"1579\">2024:<\/strong> OMNI annuncia che i prodotti 3000\/6000 raggiungeranno la fine del ciclo di vita nel 2025, mentre il supporto continuer\u00e0 per alcuni anni dopo.<\/p>\n<\/li>\n<li data-start=\"1721\" data-end=\"1851\">\n<p data-start=\"1723\" data-end=\"1851\"><strong data-start=\"1723\" data-end=\"1732\">2025:<\/strong> La serie 4000\/7000 diventa l'offerta principale, evidenziando il continuo spostamento di OMNI verso una tecnologia pronta per il futuro.<\/p>\n<\/li>\n<\/ul>\n<p>[\/et_pb_text][\/et_pb_column][\/et_pb_row][\/et_pb_section][et_pb_section fb_built=&#8221;1&#8243; admin_label=&#8221;Defining the Standard&#8221; _builder_version=&#8221;4.27.4&#8243; _module_preset=&#8221;default&#8221; custom_padding=&#8221;||||false|false&#8221; global_colors_info=&#8221;{}&#8221;][et_pb_row admin_label=&#8221;Picture with floating text row&#8221; _builder_version=&#8221;4.27.4&#8243; _module_preset=&#8221;default&#8221; background_image=&#8221;https:\/\/omnifc.wpenginepowered.com\/wp-content\/uploads\/2025\/11\/omni-87ehusdf.png&#8221; width=&#8221;100%&#8221; max_width=&#8221;1195px&#8221; module_alignment=&#8221;center&#8221; height=&#8221;546px&#8221; max_height=&#8221;546px&#8221; border_radii=&#8221;on|10px|10px|10px|10px&#8221; global_module=&#8221;280644&#8243; saved_tabs=&#8221;all&#8221; global_colors_info=&#8221;{}&#8221;][et_pb_column type=&#8221;4_4&#8243; _builder_version=&#8221;4.27.4&#8243; _module_preset=&#8221;default&#8221; global_colors_info=&#8221;{}&#8221;][et_pb_blurb title=&#8221;Today and Beyond&#8230;&#8221; _builder_version=&#8221;4.27.4&#8243; _module_preset=&#8221;default&#8221; header_font=&#8221;|700|||||||&#8221; header_text_color=&#8221;#FFFFFF&#8221; body_text_color=&#8221;#FFFFFF&#8221; background_color=&#8221;gcid-6b021242-b54a-4040-aa27-44e1f5319d99&#8243; width=&#8221;100%&#8221; max_width=&#8221;50%&#8221; custom_css_main_element=&#8221;||padding: 20px 0px 20px 0px;||border-radius: 10px 0px 0px 10px;||float: right;&#8221; box_shadow_style=&#8221;preset3&#8243; box_shadow_color=&#8221;RGBA(255,255,255,0)&#8221; global_colors_info=&#8221;{%22gcid-6b021242-b54a-4040-aa27-44e1f5319d99%22:%91%22background_color%22%93}&#8221;]<\/p>\n<ul>\n<li data-start=\"1875\" data-end=\"1987\">\n<p data-start=\"1877\" data-end=\"1987\">I computer di flusso OMNI sono ora collegati a <strong>decine di migliaia<\/strong> di misuratori di portata in oltre 100 Paesi.<\/p>\n<\/li>\n<li data-start=\"1988\" data-end=\"2082\">\n<p data-start=\"1990\" data-end=\"2082\">L'azienda rimane focalizzata sulla misurazione del petrolio e sulla gestione dei dati.<\/p>\n<\/li>\n<li data-start=\"2083\" data-end=\"2208\">\n<p data-start=\"2085\" data-end=\"2208\">I clienti vengono guidati con fiducia verso un hardware moderno, con la garanzia di un'affidabilit\u00e0 costante e di un solido supporto tecnico.<\/p>\n<\/li>\n<\/ul>\n<p>[\/et_pb_blurb][\/et_pb_column][\/et_pb_row][\/et_pb_section]<\/p>","protected":false},"excerpt":{"rendered":"<p>OMNI Flow Computers \u00e8 stata fondata pi\u00f9 di trent'anni fa a Sugar Land, in Texas, con un unico scopo: fornire un'accuratezza senza compromessi nella misurazione del trasferimento di custodia per l'industria del petrolio e del gas. Fin dall'inizio, OMNI si \u00e8 distinta per la progettazione di computer di flusso costruiti appositamente per garantire affidabilit\u00e0, [...]<\/p>","protected":false},"author":1,"featured_media":0,"parent":0,"menu_order":0,"comment_status":"closed","ping_status":"closed","template":"","meta":{"_et_pb_use_builder":"on","_et_pb_old_content":"","_et_gb_content_width":"","footnotes":""},"class_list":["post-280530","page","type-page","status-publish","hentry"],"_links":{"self":[{"href":"https:\/\/www.omniflow.com\/it\/wp-json\/wp\/v2\/pages\/280530","targetHints":{"allow":["GET"]}}],"collection":[{"href":"https:\/\/www.omniflow.com\/it\/wp-json\/wp\/v2\/pages"}],"about":[{"href":"https:\/\/www.omniflow.com\/it\/wp-json\/wp\/v2\/types\/page"}],"author":[{"embeddable":true,"href":"https:\/\/www.omniflow.com\/it\/wp-json\/wp\/v2\/users\/1"}],"replies":[{"embeddable":true,"href":"https:\/\/www.omniflow.com\/it\/wp-json\/wp\/v2\/comments?post=280530"}],"version-history":[{"count":0,"href":"https:\/\/www.omniflow.com\/it\/wp-json\/wp\/v2\/pages\/280530\/revisions"}],"wp:attachment":[{"href":"https:\/\/www.omniflow.com\/it\/wp-json\/wp\/v2\/media?parent=280530"}],"curies":[{"name":"wp","href":"https:\/\/api.w.org\/{rel}","templated":true}]}}