{"id":280819,"date":"2025-11-23T19:04:59","date_gmt":"2025-11-23T19:04:59","guid":{"rendered":"https:\/\/omniflowdev.wpenginepowered.com\/?page_id=280819"},"modified":"2026-03-20T23:01:52","modified_gmt":"2026-03-20T23:01:52","slug":"quality","status":"publish","type":"page","link":"https:\/\/www.omniflow.com\/fr\/quality\/","title":{"rendered":"Qualit\u00e9"},"content":{"rendered":"<p>[et_pb_section fb_built=\u201d1\u2033 admin_label=\u201dSous-titre Titre\u201d _builder_version=\u201d4.27.4\u2033 _module_preset=\u201ddefault\u201d custom_padding=\u201d0px||3px||false|false\u201d collapsed=\u201don\u201d global_colors_info=\u201d{}\u201d][et_pb_row _builder_version=\u201d4.27.4\u2033 _module_preset=\u201ddefault\u201d saved_tabs=\u201dall\u201d global_colors_info=\u201d{}\u201d][et_pb_column type=\u201d4_4\u2033 _builder_version=\u201d4.27.4\u2033 _module_preset=\u201ddefault\u201d global_colors_info=\u201d{}\u201d][et_pb_text disabled_on=\u201don|off|off\u201d admin_label=\u201dModule - Titre de la sous-page\u201d _builder_version=\u201d4.27.4\u2033 _module_preset=\u201ddefault\u201d text_text_color=\u201d#3333\u2033 text_font_size=\u201d17px\u201d header_text_align=\u201dleft\u201d header_font_size=\u201d25px\u201d positioning=\u201drelative\u201d vertical_offset=\u201d0px\u201d horizontal_offset=\u201d0px\u201d z_index=\u201d0\u2033 custom_margin=\u201d||10px||false|false\u201d global_module=\u201d280504\u2033 saved_tabs=\u201dall\u201d locked=\u201doff\u201d global_colors_info=\u201d{}\u201d]<\/p>\n<h1><strong>Qualit\u00e9 et conformit\u00e9<\/strong><\/h1>\n<p>[\/et_pb_text][et_pb_text admin_label=&#8221;Module &#8211; Subpage Subtitle&#8221; _builder_version=&#8221;4.27.4&#8243; _module_preset=&#8221;default&#8221; text_font_size=&#8221;20px&#8221; header_text_align=&#8221;left&#8221; positioning=&#8221;relative&#8221; vertical_offset=&#8221;0px&#8221; horizontal_offset=&#8221;0px&#8221; z_index=&#8221;0&#8243; custom_margin=&#8221;||-4px|||&#8221; custom_css_main_element=&#8221;background: url(%22\/wp-content\/uploads\/2025\/09\/red-line-2.png%22);||background-repeat: no-repeat;||background-position: bottom left;||text-shadow: none;||padding-bottom: 15px&#8221; global_module=&#8221;280506&#8243; saved_tabs=&#8221;all&#8221; locked=&#8221;off&#8221; global_colors_info=&#8221;{}&#8221;]<\/p>\n<p>Des syst\u00e8mes de qualit\u00e9 con\u00e7us pour r\u00e9pondre aux normes de mesure mondiales<\/p>\n<p>[\/et_pb_text][\/et_pb_column][\/et_pb_row][\/et_pb_section][et_pb_section fb_built=&#8221;1&#8243; admin_label=&#8221;Section &#8211; Picture with floating text row&#8221; _builder_version=&#8221;4.27.4&#8243; _module_preset=&#8221;default&#8221; custom_padding=&#8221;0px||0px|||&#8221; saved_tabs=&#8221;all&#8221; locked=&#8221;off&#8221; collapsed=&#8221;on&#8221; global_colors_info=&#8221;{}&#8221;][et_pb_row column_structure=&#8221;3_5,2_5&#8243; _builder_version=&#8221;4.27.4&#8243; _module_preset=&#8221;default&#8221; custom_padding=&#8221;0px||0px|||&#8221; global_colors_info=&#8221;{}&#8221;][et_pb_column type=&#8221;3_5&#8243; _builder_version=&#8221;4.27.4&#8243; _module_preset=&#8221;default&#8221; global_colors_info=&#8221;{}&#8221;][et_pb_text admin_label=&#8221;Module &#8211; Paragraph&#8221; _builder_version=&#8221;4.27.4&#8243; _module_preset=&#8221;default&#8221; text_font_size=&#8221;16px&#8221; custom_padding=&#8221;0px||0px||false|false&#8221; custom_css_main_element=&#8221;strong {||  color: black;||}&#8221; global_module=&#8221;280493&#8243; saved_tabs=&#8221;all&#8221; locked=&#8221;off&#8221; global_colors_info=&#8221;{}&#8221;]<\/p>\n<p data-start=\"927\" data-end=\"1255\">OMNI Flow Computers s'engage \u00e0 fournir des syst\u00e8mes de mesure de transfert de garde auxquels les op\u00e9rateurs peuvent faire confiance dans les environnements les plus exigeants de la cha\u00eene de valeur du p\u00e9trole et du gaz. Depuis plus de 35 ans, notre r\u00e9putation repose sur un principe simple : <strong data-start=\"1178\" data-end=\"1255\">la qualit\u00e9 est con\u00e7ue, v\u00e9rifi\u00e9e et am\u00e9lior\u00e9e en permanence - elle n'est jamais pr\u00e9sum\u00e9e.<\/strong><\/p>\n<p data-start=\"1257\" data-end=\"1523\">Notre processus de qualit\u00e9 est ancr\u00e9 dans la tra\u00e7abilit\u00e9, la performance v\u00e9rifiable et la conformit\u00e9 rigoureuse aux normes de mesure mondiales. Chaque ordinateur de flux OMNI est con\u00e7u, assembl\u00e9 et test\u00e9 avec la pr\u00e9cision requise pour les op\u00e9rations de transfert de garde critiques.<\/p>\n<p>[\/et_pb_text][\/et_pb_column][et_pb_column type=&#8221;2_5&#8243; _builder_version=&#8221;4.27.4&#8243; _module_preset=&#8221;default&#8221; background_color=&#8221;gcid-b4417ffa-1851-482a-be59-c694ddc9ecd4&#8243; custom_padding=&#8221;20px|20px|20px|20px|false|false&#8221; border_radii=&#8221;on|10px|10px|10px|10px&#8221; global_colors_info=&#8221;{%22gcid-b4417ffa-1851-482a-be59-c694ddc9ecd4%22:%91%22background_color%22%93}&#8221;][et_pb_text admin_label=&#8221;Module &#8211; Paragraph&#8221; _builder_version=&#8221;4.27.4&#8243; _module_preset=&#8221;default&#8221; text_text_color=&#8221;#FFFFFF&#8221; text_font_size=&#8221;16px&#8221; custom_padding=&#8221;0px||0px||false|false&#8221; custom_css_main_element=&#8221;strong {||  color: black;||}&#8221; global_module=&#8221;280493&#8243; saved_tabs=&#8221;all&#8221; locked=&#8221;off&#8221; global_colors_info=&#8221;{}&#8221;]OMNI products comply with global measurement requirements, reinforcing our commitment to secure and auditable measurement. The list includes, but it is not limited to the standards below:<\/p>\n<ul data-start=\"3332\" data-end=\"3483\">\n<li data-start=\"3332\" data-end=\"3391\">\n<p data-start=\"3334\" data-end=\"3391\">API MPMS Chapitres 4, 5, 6, 8, 9, 11, 12, 13 et 21<\/p>\n<\/li>\n<li data-start=\"3392\" data-end=\"3430\">\n<p data-start=\"3394\" data-end=\"3430\">AGA, ISO, OIML et WELMEC 7.2<\/p>\n<\/li>\n<li data-start=\"3431\" data-end=\"3483\">\n<p data-start=\"3433\" data-end=\"3483\">UL, CE, CSA<\/p>\n<\/li>\n<\/ul>\n<p>[\/et_pb_text][\/et_pb_column][\/et_pb_row][\/et_pb_section][et_pb_section fb_built=&#8221;1&#8243; custom_padding_last_edited=&#8221;on|phone&#8221; admin_label=&#8221;Floating Text&#8221; _builder_version=&#8221;4.27.4&#8243; _module_preset=&#8221;default&#8221; custom_margin=&#8221;|0px|40px|0px|false|false&#8221; custom_padding=&#8221;||0px|||&#8221; custom_padding_tablet=&#8221;||0px|||&#8221; custom_padding_phone=&#8221;|0px||0px|false|false&#8221; global_module=&#8221;280844&#8243; collapsed=&#8221;off&#8221; global_colors_info=&#8221;{}&#8221;][et_pb_row column_structure=&#8221;1_2,1_2&#8243; _builder_version=&#8221;4.27.4&#8243; _module_preset=&#8221;default&#8221; width_tablet=&#8221;&#8221; width_phone=&#8221;100%&#8221; width_last_edited=&#8221;on|phone&#8221; custom_padding=&#8221;0px|0px|0px|0px|false|false&#8221; global_colors_info=&#8221;{}&#8221;][et_pb_column type=&#8221;1_2&#8243; _builder_version=&#8221;4.27.4&#8243; _module_preset=&#8221;default&#8221; global_colors_info=&#8221;{}&#8221;][et_pb_image src=&#8221;https:\/\/omnifc.wpenginepowered.com\/wp-content\/uploads\/2025\/11\/omni-qfa7siudhjkx.jpg&#8221; title_text=&#8221;omni-qfa7siudhjkx&#8221; disabled_on=&#8221;off|on|on&#8221; _builder_version=&#8221;4.27.4&#8243; _module_preset=&#8221;default&#8221; custom_margin=&#8221;||0px||false|false&#8221; border_radii=&#8221;off|10px|10px||&#8221; global_colors_info=&#8221;{}&#8221;][\/et_pb_image][et_pb_blurb title=&#8221;Our Quality Policy&#8221; content_max_width=&#8221;100%&#8221; _builder_version=&#8221;4.27.4&#8243; _module_preset=&#8221;default&#8221; header_font=&#8221;|700|||||||&#8221; header_text_color=&#8221;#FFFFFF&#8221; header_font_size=&#8221;20px&#8221; body_text_color=&#8221;#FFFFFF&#8221; background_color=&#8221;gcid-6b021242-b54a-4040-aa27-44e1f5319d99&#8243; width=&#8221;100%&#8221; width_tablet=&#8221;&#8221; width_phone=&#8221;&#8221; width_last_edited=&#8221;on|phone&#8221; max_width=&#8221;100%&#8221; max_width_tablet=&#8221;&#8221; max_width_phone=&#8221;100%&#8221; max_width_last_edited=&#8221;on|phone&#8221; module_alignment=&#8221;center&#8221; custom_margin=&#8221;|0px|||false|false&#8221; custom_margin_tablet=&#8221;&#8221; custom_margin_phone=&#8221;&#8221; custom_margin_last_edited=&#8221;on|phone&#8221; custom_padding=&#8221;40px|40px|40px|40px|false|false&#8221; border_radii=&#8221;off|10px|10px|10px|10px&#8221; border_radii_tablet=&#8221;&#8221; border_radii_phone=&#8221;off|0px|0px|10px|10px&#8221; border_radii_last_edited=&#8221;on|phone&#8221; box_shadow_style=&#8221;preset3&#8243; box_shadow_color=&#8221;RGBA(255,255,255,0)&#8221; global_colors_info=&#8221;{%22gcid-6b021242-b54a-4040-aa27-44e1f5319d99%22:%91%22background_color%22%93}&#8221; custom_css_main_element_last_edited=&#8221;on|phone&#8221; custom_css_main_element_phone=&#8221;background-color: #ce1126e8;||padding: 20px 0px;||border-radius: 0px 0px 0px 0px&#8221; content_max_width__hover_enabled=&#8221;on|desktop&#8221; content_max_width__hover=&#8221;100%&#8221;]<\/p>\n<p style=\"font-weight: 400;\">OMNI is committed to being a leader in petroleum flow measurement and data management through:<\/p>\n<p style=\"font-weight: 400;\">\n<ul style=\"font-weight: 400;\">\n<li>Continual improvement<\/li>\n<li>Meeting and exceeding customer requirements<\/li>\n<li>Effective management of our systems and processes<\/li>\n<\/ul>\n<p>[\/et_pb_blurb][\/et_pb_column][et_pb_column type=&#8221;1_2&#8243; _builder_version=&#8221;4.27.4&#8243; _module_preset=&#8221;default&#8221; background_color=&#8221;gcid-6b021242-b54a-4040-aa27-44e1f5319d99&#8243; border_radii=&#8221;on|10px|10px|10px|10px&#8221; global_colors_info=&#8221;{%22gcid-6b021242-b54a-4040-aa27-44e1f5319d99%22:%91%22background_color%22%93}&#8221;][et_pb_image src=&#8221;https:\/\/omnifc.wpenginepowered.com\/wp-content\/uploads\/2025\/11\/omni-qfa7siudhjkx.jpg&#8221; title_text=&#8221;omni-qfa7siudhjkx&#8221; disabled_on=&#8221;on|off|off&#8221; _builder_version=&#8221;4.27.4&#8243; _module_preset=&#8221;default&#8221; custom_margin=&#8221;||0px||false|false&#8221; border_radii=&#8221;off|10px|10px||&#8221; global_colors_info=&#8221;{}&#8221;][\/et_pb_image][et_pb_image src=&#8221;https:\/\/omnifc.wpenginepowered.com\/wp-content\/uploads\/2025\/11\/omni-sdas7yduhj.jpg&#8221; title_text=&#8221;omni-sdas7yduhj&#8221; disabled_on=&#8221;on|off|off&#8221; _builder_version=&#8221;4.27.4&#8243; _module_preset=&#8221;default&#8221; custom_margin=&#8221;||0px||false|false&#8221; border_radii=&#8221;off|||10px|10px&#8221; global_colors_info=&#8221;{}&#8221;][\/et_pb_image][\/et_pb_column][\/et_pb_row][\/et_pb_section][et_pb_section fb_built=&#8221;1&#8243; admin_label=&#8221;Text Columns&#8221; _builder_version=&#8221;4.27.4&#8243; _module_preset=&#8221;default&#8221; custom_margin=&#8221;0px||||false|false&#8221; custom_padding=&#8221;0px||0px||false|false&#8221; collapsed=&#8221;on&#8221; global_colors_info=&#8221;{}&#8221;][et_pb_row column_structure=&#8221;2_5,3_5&#8243; _builder_version=&#8221;4.27.4&#8243; _module_preset=&#8221;default&#8221; custom_margin=&#8221;0px||0px||false|false&#8221; custom_padding=&#8221;20px||0px||false|false&#8221; global_colors_info=&#8221;{}&#8221;][et_pb_column type=&#8221;2_5&#8243; _builder_version=&#8221;4.27.4&#8243; _module_preset=&#8221;default&#8221; global_colors_info=&#8221;{}&#8221;][et_pb_text disabled_on=&#8221;on|off|off&#8221; admin_label=&#8221;Module &#8211; Subpage Title&#8221; _builder_version=&#8221;4.27.4&#8243; _module_preset=&#8221;default&#8221; text_text_color=&#8221;#333333&#8243; text_font_size=&#8221;17px&#8221; header_text_align=&#8221;left&#8221; header_font_size=&#8221;25px&#8221; positioning=&#8221;relative&#8221; vertical_offset=&#8221;0px&#8221; horizontal_offset=&#8221;0px&#8221; z_index=&#8221;0&#8243; custom_margin=&#8221;||10px||false|false&#8221; global_module=&#8221;280504&#8243; saved_tabs=&#8221;all&#8221; locked=&#8221;off&#8221; global_colors_info=&#8221;{}&#8221;]<\/p>\n<h1><strong>Qualit\u00e9 de construction i<\/strong>nto<br \/>tous<strong> Ordinateur de d\u00e9bit OMNI<\/strong><\/h1>\n<p>[\/et_pb_text][et_pb_text admin_label=\u201dModule - Paragraphe\u201d _builder_version=\u201d4.27.4\u2033 _module_preset=\u201ddefault\u201d text_font_size=\u201d16px\u201d custom_padding=\u201d0px||0px|false|false\u201d custom_css_main_element=\u201dstrong {|| color : black;||}\u201d global_module=\u201d280493\u2033 saved_tabs=\u201dall\u201d locked=\u201doff\u201d global_colors_info=\u201d{}\u201d]<\/p>\n<p data-start=\"108\" data-end=\"440\">Chaque calculateur de d\u00e9bit OMNI est construit sur une base de qualit\u00e9 rigoureuse qui donne la priorit\u00e9 aux performances, \u00e0 la fiabilit\u00e9 et \u00e0 l'aptitude au service \u00e0 long terme. Nos processus d'ing\u00e9nierie, de fabrication et d'essai se conjuguent pour garantir que chaque unit\u00e9 fonctionne de mani\u00e8re coh\u00e9rente dans les applications exigeantes de transfert de garde dans l'ensemble de la cha\u00eene de valeur du p\u00e9trole et du gaz.<\/p>\n<p>[\/et_pb_text][\/et_pb_column][et_pb_column type=&#8221;3_5&#8243; _builder_version=&#8221;4.27.4&#8243; _module_preset=&#8221;default&#8221; global_colors_info=&#8221;{}&#8221;][et_pb_image src=&#8221;https:\/\/omnifc.wpenginepowered.com\/wp-content\/uploads\/2025\/11\/omni-production-quality.jpg&#8221; title_text=&#8221;_0C0K4738 copy&#8221; admin_label=&#8221;Module &#8211; Side Image Rounded&#8221; _builder_version=&#8221;4.27.4&#8243; _module_preset=&#8221;default&#8221; background_enable_image=&#8221;off&#8221; custom_padding=&#8221;||3px|||&#8221; border_radii=&#8221;on|10px|10px|10px|10px&#8221; global_module=&#8221;280480&#8243; saved_tabs=&#8221;all&#8221; locked=&#8221;off&#8221; global_colors_info=&#8221;{}&#8221;][\/et_pb_image][\/et_pb_column][\/et_pb_row][et_pb_row column_structure=&#8221;1_3,1_3,1_3&#8243; _builder_version=&#8221;4.27.4&#8243; _module_preset=&#8221;default&#8221; global_colors_info=&#8221;{}&#8221;][et_pb_column type=&#8221;1_3&#8243; _builder_version=&#8221;4.27.4&#8243; _module_preset=&#8221;default&#8221; global_colors_info=&#8221;{}&#8221;][et_pb_text _builder_version=&#8221;4.27.4&#8243; _module_preset=&#8221;default&#8221; custom_css_main_element=&#8221;ul {||  list-style-type: square;||  margin-left: 1.2rem; \/* tweak as needed *\/||  padding-left: 0;||}||||ul li::marker {||  color: #e30000; \/* red *\/||}&#8221; saved_tabs=&#8221;all&#8221; global_colors_info=&#8221;{}&#8221;]<\/p>\n<ul>\n<li><strong>L'ing\u00e9nierie par la conception<\/strong>\n<p data-start=\"2221\" data-end=\"2465\">L'architecture d'OMNI s'articule autour d'une plate-forme s\u00e9curis\u00e9e, centr\u00e9e sur le micrologiciel, qui \u00e9vite les syst\u00e8mes d'exploitation bas\u00e9s sur PC et l'instabilit\u00e9 qu'ils introduisent. Chaque unit\u00e9 est con\u00e7ue pour offrir des performances pr\u00e9visibles, des possibilit\u00e9s de mise \u00e0 niveau sur le terrain et une compatibilit\u00e9 \u00e0 long terme entre les g\u00e9n\u00e9rations.<\/p>\n<\/li>\n<\/ul>\n<p>[\/et_pb_text][\/et_pb_column][et_pb_column type=\u201d1_3\u2033 _builder_version=\u201d4.27.4\u2033 _module_preset=\u201ddefault\u201d global_colors_info=\u201d{}\u201d][et_pb_text _builder_version=\u201d4.27.4\u2033 _module_preset=\u201ddefault\u201d custom_css_main_element=\u201dul {|| list-style-type : square;|| margin-left : 1.2rem ; \/* tweak as needed *\/| padding-left : 0;||}||||ul li::marker {|| color : #e30000 ; \/* red *\/|}\u201d saved_tabs=\u201dall\u201d global_colors_info=\u201d{}\u201d]<\/p>\n<ul>\n<li><strong>Contr\u00f4les rigoureux de la fabrication<\/strong>\n<p data-start=\"2766\" data-end=\"2848\">Chaque ordinateur de flux est assembl\u00e9 selon des proc\u00e9dures de fabrication rigoureuses, \u00e9tay\u00e9es par une tra\u00e7abilit\u00e9 document\u00e9e. L'int\u00e9grit\u00e9 des composants, les s\u00e9quences d'assemblage et les points de v\u00e9rification garantissent la coh\u00e9rence et le respect des normes de production contr\u00f4l\u00e9es d'OMNI.<\/p>\n<\/li>\n<\/ul>\n<p>[\/et_pb_text][\/et_pb_column][et_pb_column type=\u201d1_3\u2033 _builder_version=\u201d4.27.4\u2033 _module_preset=\u201ddefault\u201d global_colors_info=\u201d{}\u201d][et_pb_text _builder_version=\u201d4.27.4\u2033 _module_preset=\u201ddefault\u201d custom_css_main_element=\u201dul {|| list-style-type : square;|| margin-left : 1.2rem ; \/* tweak as needed *\/| padding-left : 0;||}||||ul li::marker {|| color : #e30000 ; \/* red *\/|}\u201d saved_tabs=\u201dall\u201d global_colors_info=\u201d{}\u201d]<\/p>\n<ul>\n<li><strong>Essais complets en usine<\/strong><br \/>Avant d'\u00eatre exp\u00e9di\u00e9, chaque appareil est soumis \u00e0 une s\u00e9rie compl\u00e8te de tests fonctionnels, de diagnostic et de communication. Les proc\u00e9dures de validation de l'alimentation, des E\/S et des modules confirment que le syst\u00e8me r\u00e9pond aux crit\u00e8res op\u00e9rationnels et fonctionne de mani\u00e8re fiable dans les conditions pr\u00e9vues sur le terrain.<\/li>\n<\/ul>\n<p>[\/et_pb_text][\/et_pb_column][\/et_pb_row][\/et_pb_section][et_pb_section fb_built=&#8221;1&#8243; admin_label=&#8221;Defining the Standard&#8221; _builder_version=&#8221;4.27.4&#8243; _module_preset=&#8221;default&#8221; background_color=&#8221;#f4f4f4&#8243; locked=&#8221;off&#8221; collapsed=&#8221;on&#8221; global_colors_info=&#8221;{}&#8221;][et_pb_row column_structure=&#8221;1_2,1_2&#8243; _builder_version=&#8221;4.27.4&#8243; _module_preset=&#8221;default&#8221; global_colors_info=&#8221;{}&#8221;][et_pb_column type=&#8221;1_2&#8243; _builder_version=&#8221;4.27.4&#8243; _module_preset=&#8221;default&#8221; global_colors_info=&#8221;{}&#8221;][et_pb_text _builder_version=&#8221;4.27.4&#8243; _module_preset=&#8221;default&#8221; text_text_color=&#8221;#000000&#8243; text_font_size=&#8221;38px&#8221; text_line_height=&#8221;1em&#8221; global_colors_info=&#8221;{}&#8221;]<\/p>\n<p>Commentaires des clients<\/p>\n<p>[\/et_pb_text][et_pb_button button_url=&#8221;https:\/\/www.surveymonkey.com\/r\/OMNI_Customer-Satisfaction2021&#8243; button_text=&#8221;Customer Satisfaction&#8221; admin_label=&#8221;Black Button&#8221; _builder_version=&#8221;4.27.4&#8243; _module_preset=&#8221;default&#8221; custom_button=&#8221;on&#8221; button_text_size=&#8221;14px&#8221; button_text_color=&#8221;#FFFFFF&#8221; button_bg_color=&#8221;#000000&#8243; button_border_radius=&#8221;6px&#8221; button_icon=&#8221;&#x24;||divi||400&#8243; button_icon_color=&#8221;#FFFFFF&#8221; button_on_hover=&#8221;off&#8221; positioning=&#8221;relative&#8221; position_origin_r=&#8221;bottom_right&#8221; vertical_offset=&#8221;0px&#8221; custom_padding=&#8221;7px|33px|7px|15px|false|false&#8221; custom_css_main_element=&#8221;font-weight: bold&#8221; custom_css_after=&#8221;font-size: 20px !important;||top: 8px;&#8221; custom_css_free_form=&#8221;body #page-container .et_pb_section .et_pb_button.et_pb_button_0:after {||  font-size: 20px !important;||}&#8221; saved_tabs=&#8221;all&#8221; locked=&#8221;off&#8221; global_colors_info=&#8221;{}&#8221;][\/et_pb_button][et_pb_button button_url=&#8221;https:\/\/www.surveymonkey.com\/r\/OMNI_TechnicalTrainingClass&#8221; button_text=&#8221;Technical Training Class Survey&#8221; admin_label=&#8221;Black Button&#8221; _builder_version=&#8221;4.27.4&#8243; _module_preset=&#8221;default&#8221; custom_button=&#8221;on&#8221; button_text_size=&#8221;14px&#8221; button_text_color=&#8221;#FFFFFF&#8221; button_bg_color=&#8221;#000000&#8243; button_border_radius=&#8221;6px&#8221; button_icon=&#8221;&#x24;||divi||400&#8243; button_icon_color=&#8221;#FFFFFF&#8221; button_on_hover=&#8221;off&#8221; positioning=&#8221;relative&#8221; position_origin_r=&#8221;bottom_right&#8221; vertical_offset=&#8221;0px&#8221; custom_padding=&#8221;7px|33px|7px|15px|false|false&#8221; custom_css_main_element=&#8221;font-weight: bold&#8221; custom_css_after=&#8221;font-size: 20px !important;||top: 8px;&#8221; custom_css_free_form=&#8221;body #page-container .et_pb_section .et_pb_button.et_pb_button_0:after {||  font-size: 20px !important;||}&#8221; saved_tabs=&#8221;all&#8221; locked=&#8221;off&#8221; global_colors_info=&#8221;{}&#8221;][\/et_pb_button][et_pb_button button_url=&#8221;https:\/\/www.surveymonkey.com\/r\/OMNI_Customer_Feedback&#8221; button_text=&#8221;Suggestions &#038; Complaints&#8221; admin_label=&#8221;Black Button&#8221; _builder_version=&#8221;4.27.4&#8243; _module_preset=&#8221;default&#8221; custom_button=&#8221;on&#8221; button_text_size=&#8221;14px&#8221; button_text_color=&#8221;#FFFFFF&#8221; button_bg_color=&#8221;#000000&#8243; button_border_radius=&#8221;6px&#8221; button_icon=&#8221;&#x24;||divi||400&#8243; button_icon_color=&#8221;#FFFFFF&#8221; button_on_hover=&#8221;off&#8221; positioning=&#8221;relative&#8221; position_origin_r=&#8221;bottom_right&#8221; vertical_offset=&#8221;0px&#8221; custom_padding=&#8221;7px|33px|7px|15px|false|false&#8221; custom_css_main_element=&#8221;font-weight: bold&#8221; custom_css_after=&#8221;font-size: 20px !important;||top: 8px;&#8221; custom_css_free_form=&#8221;body #page-container .et_pb_section .et_pb_button.et_pb_button_0:after {||  font-size: 20px !important;||}&#8221; saved_tabs=&#8221;all&#8221; locked=&#8221;off&#8221; global_colors_info=&#8221;{}&#8221;][\/et_pb_button][\/et_pb_column][et_pb_column type=&#8221;1_2&#8243; _builder_version=&#8221;4.27.4&#8243; _module_preset=&#8221;default&#8221; global_colors_info=&#8221;{}&#8221;][et_pb_blurb _builder_version=&#8221;4.27.4&#8243; _module_preset=&#8221;default&#8221; header_level=&#8221;h3&#8243; header_font=&#8221;|700|||||||&#8221; body_font_size=&#8221;16px&#8221; global_colors_info=&#8221;{}&#8221;]<\/p>\n<p class=\"mb-44\">Chez OMNI, nous travaillons dur pour d\u00e9passer les attentes de nos clients et votre satisfaction est une responsabilit\u00e9 que nous prenons au s\u00e9rieux. Nous aimerions conna\u00eetre votre exp\u00e9rience avec OMNI.<\/p>\n<p class=\"mb-44\">En tant que client estim\u00e9, vos commentaires sont essentiels pour nous aider \u00e0 am\u00e9liorer continuellement la qualit\u00e9 des produits et des services que nous fournissons.<\/p>\n<p>N'h\u00e9sitez pas \u00e0 nous faire part de vos commentaires.<\/p>\n<ul><\/ul>\n<p>[\/et_pb_blurb][\/et_pb_column][\/et_pb_row][\/et_pb_section][et_pb_section fb_built=&#8221;1&#8243; admin_label=&#8221;Defining the Standard&#8221; _builder_version=&#8221;4.27.4&#8243; _module_preset=&#8221;default&#8221; background_color=&#8221;#f4f4f4&#8243; collapsed=&#8221;on&#8221; global_colors_info=&#8221;{}&#8221;][et_pb_row column_structure=&#8221;1_3,1_3,1_3&#8243; _builder_version=&#8221;4.27.4&#8243; _module_preset=&#8221;default&#8221; global_colors_info=&#8221;{}&#8221;][et_pb_column type=&#8221;1_3&#8243; _builder_version=&#8221;4.27.4&#8243; _module_preset=&#8221;default&#8221; global_colors_info=&#8221;{}&#8221;][et_pb_text _builder_version=&#8221;4.27.4&#8243; _module_preset=&#8221;default&#8221; text_text_color=&#8221;#000000&#8243; text_font_size=&#8221;38px&#8221; text_line_height=&#8221;1em&#8221; global_colors_info=&#8221;{}&#8221;]<\/p>\n<p>Certification ISO<\/p>\n<p>[\/et_pb_text][et_pb_button button_url=&#8221;https:\/\/omnifc.wpenginepowered.com\/wp-content\/uploads\/2025\/11\/OMNI-Flow-Computers-ISO-9001-2015-Certificate-2024-to-2027.pdf&#8221; button_text=&#8221;View ISO Certificate&#8221; admin_label=&#8221;Black Button&#8221; _builder_version=&#8221;4.27.4&#8243; _module_preset=&#8221;default&#8221; custom_button=&#8221;on&#8221; button_text_size=&#8221;14px&#8221; button_text_color=&#8221;#FFFFFF&#8221; button_bg_color=&#8221;#000000&#8243; button_border_radius=&#8221;6px&#8221; button_icon=&#8221;&#x24;||divi||400&#8243; button_icon_color=&#8221;#FFFFFF&#8221; button_on_hover=&#8221;off&#8221; positioning=&#8221;relative&#8221; position_origin_r=&#8221;bottom_right&#8221; vertical_offset=&#8221;0px&#8221; custom_padding=&#8221;7px|33px|7px|15px|false|false&#8221; custom_css_main_element=&#8221;font-weight: bold&#8221; custom_css_after=&#8221;font-size: 20px !important;||top: 8px;&#8221; custom_css_free_form=&#8221;body #page-container .et_pb_section .et_pb_button.et_pb_button_0:after {||  font-size: 20px !important;||}&#8221; saved_tabs=&#8221;all&#8221; global_colors_info=&#8221;{}&#8221;][\/et_pb_button][\/et_pb_column][et_pb_column type=&#8221;1_3&#8243; _builder_version=&#8221;4.27.4&#8243; _module_preset=&#8221;default&#8221; global_colors_info=&#8221;{}&#8221;][et_pb_blurb _builder_version=&#8221;4.27.4&#8243; _module_preset=&#8221;default&#8221; header_level=&#8221;h3&#8243; header_font=&#8221;|700|||||||&#8221; body_font_size=&#8221;16px&#8221; global_colors_info=&#8221;{}&#8221;]<\/p>\n<p><strong>ISO 9001:2015<\/strong> fournit un ensemble d'exigences qui doivent \u00eatre mises en place pour disposer d'un syst\u00e8me de gestion de la qualit\u00e9, ind\u00e9pendamment de la taille de l'organisation, de sa gamme de produits ou de services, ou de son statut public ou priv\u00e9. La certification \u00e0 la norme est volontaire et les organisations doivent se soumettre \u00e0 un processus d'audit rigoureux men\u00e9 par un registraire tiers.<\/p>\n<p>&nbsp;<\/p>\n<p>[\/et_pb_blurb][\/et_pb_column][et_pb_column type=&#8221;1_3&#8243; _builder_version=&#8221;4.27.4&#8243; _module_preset=&#8221;default&#8221; global_colors_info=&#8221;{}&#8221;][et_pb_image src=&#8221;https:\/\/omnifc.wpenginepowered.com\/wp-content\/uploads\/2025\/09\/ANAB_FOoter.png&#8221; title_text=&#8221;ANAB_FOoter&#8221; _builder_version=&#8221;4.27.4&#8243; _module_preset=&#8221;default&#8221; global_colors_info=&#8221;{}&#8221;][\/et_pb_image][\/et_pb_column][\/et_pb_row][\/et_pb_section]<\/p>","protected":false},"excerpt":{"rendered":"<p>Quality and ComplianceQuality Systems Designed to Meet Global Measurement StandardsOMNI Flow Computers is committed to delivering custody transfer measurement systems that operators can trust in the most demanding environments of the oil &amp; gas value chain. For more than 35 years, our reputation has been built on a simple principle: quality is engineered, verified, and [&hellip;]<\/p>","protected":false},"author":1,"featured_media":0,"parent":0,"menu_order":0,"comment_status":"closed","ping_status":"closed","template":"","meta":{"_et_pb_use_builder":"on","_et_pb_old_content":"","_et_gb_content_width":"","footnotes":""},"class_list":["post-280819","page","type-page","status-publish","hentry"],"_links":{"self":[{"href":"https:\/\/www.omniflow.com\/fr\/wp-json\/wp\/v2\/pages\/280819","targetHints":{"allow":["GET"]}}],"collection":[{"href":"https:\/\/www.omniflow.com\/fr\/wp-json\/wp\/v2\/pages"}],"about":[{"href":"https:\/\/www.omniflow.com\/fr\/wp-json\/wp\/v2\/types\/page"}],"author":[{"embeddable":true,"href":"https:\/\/www.omniflow.com\/fr\/wp-json\/wp\/v2\/users\/1"}],"replies":[{"embeddable":true,"href":"https:\/\/www.omniflow.com\/fr\/wp-json\/wp\/v2\/comments?post=280819"}],"version-history":[{"count":0,"href":"https:\/\/www.omniflow.com\/fr\/wp-json\/wp\/v2\/pages\/280819\/revisions"}],"wp:attachment":[{"href":"https:\/\/www.omniflow.com\/fr\/wp-json\/wp\/v2\/media?parent=280819"}],"curies":[{"name":"wp","href":"https:\/\/api.w.org\/{rel}","templated":true}]}}