{"id":280882,"date":"2025-11-24T16:03:04","date_gmt":"2025-11-24T16:03:04","guid":{"rendered":"https:\/\/omniflowdev.wpenginepowered.com\/?page_id=280882"},"modified":"2026-02-09T19:01:57","modified_gmt":"2026-02-09T19:01:57","slug":"omnicom","status":"publish","type":"page","link":"https:\/\/www.omniflow.com\/es\/omnicom\/","title":{"rendered":"OMNICOM"},"content":{"rendered":"<p>[et_pb_section fb_built=&#8221;1&#8243; admin_label=&#8221;Header&#8221; _builder_version=&#8221;4.27.4&#8243; _module_preset=&#8221;default&#8221; custom_padding=&#8221;0px||3px||false|false&#8221; collapsed=&#8221;off&#8221; global_colors_info=&#8221;{}&#8221;][et_pb_row _builder_version=&#8221;4.27.4&#8243; _module_preset=&#8221;default&#8221; saved_tabs=&#8221;all&#8221; global_colors_info=&#8221;{}&#8221;][et_pb_column type=&#8221;4_4&#8243; _builder_version=&#8221;4.27.4&#8243; _module_preset=&#8221;default&#8221; global_colors_info=&#8221;{}&#8221;][et_pb_text disabled_on=&#8221;on|off|off&#8221; admin_label=&#8221;Module &#8211; Subpage Title&#8221; _builder_version=&#8221;4.27.4&#8243; _module_preset=&#8221;default&#8221; text_text_color=&#8221;#333333&#8243; text_font_size=&#8221;17px&#8221; header_text_align=&#8221;left&#8221; header_font_size=&#8221;25px&#8221; positioning=&#8221;relative&#8221; vertical_offset=&#8221;0px&#8221; horizontal_offset=&#8221;0px&#8221; z_index=&#8221;0&#8243; custom_margin=&#8221;||10px||false|false&#8221; global_module=&#8221;280504&#8243; saved_tabs=&#8221;all&#8221; locked=&#8221;off&#8221; global_colors_info=&#8221;{}&#8221;]<\/p>\n<h1><strong>OMNICOM<\/strong><\/h1>\n<p>[\/et_pb_text][et_pb_text admin_label=&#8221;Module &#8211; Subpage Subtitle&#8221; _builder_version=&#8221;4.27.4&#8243; _module_preset=&#8221;default&#8221; text_font_size=&#8221;20px&#8221; header_text_align=&#8221;left&#8221; positioning=&#8221;relative&#8221; vertical_offset=&#8221;0px&#8221; horizontal_offset=&#8221;0px&#8221; z_index=&#8221;0&#8243; custom_margin=&#8221;||-4px|||&#8221; custom_css_main_element=&#8221;background: url(%22\/wp-content\/uploads\/2025\/09\/red-line-2.png%22);||background-repeat: no-repeat;||background-position: bottom left;||text-shadow: none;||padding-bottom: 15px&#8221; global_module=&#8221;280506&#8243; saved_tabs=&#8221;all&#8221; locked=&#8221;off&#8221; global_colors_info=&#8221;{}&#8221;]<\/p>\n<p>Controle todos los computadores de flujo desde una sola aplicaci\u00f3n<\/p>\n<p>[\/et_pb_text][\/et_pb_column][\/et_pb_row][\/et_pb_section][et_pb_section fb_built=&#8221;1&#8243; admin_label=&#8221;Hero&#8221; _builder_version=&#8221;4.27.4&#8243; _module_preset=&#8221;default&#8221; background_color=&#8221;rgba(234,234,234,0.41)&#8221; custom_padding=&#8221;20px||20px||false|false&#8221; saved_tabs=&#8221;all&#8221; locked=&#8221;off&#8221; collapsed=&#8221;off&#8221; global_colors_info=&#8221;{}&#8221;][et_pb_row _builder_version=&#8221;4.27.4&#8243; _module_preset=&#8221;default&#8221; custom_padding=&#8221;0px||0px|||&#8221; global_colors_info=&#8221;{}&#8221;][et_pb_column type=&#8221;4_4&#8243; _builder_version=&#8221;4.27.4&#8243; _module_preset=&#8221;default&#8221; global_colors_info=&#8221;{}&#8221;][et_pb_image src=&#8221;https:\/\/omnifc.wpenginepowered.com\/wp-content\/uploads\/2025\/11\/omni-567tyghafdsfsfd.jpg&#8221; title_text=&#8221;omni-567tyghafdsfsfd&#8221; _builder_version=&#8221;4.27.4&#8243; _module_preset=&#8221;default&#8221; background_enable_color=&#8221;off&#8221; custom_padding=&#8221;|0px||0px|false|false&#8221; locked=&#8221;off&#8221; global_colors_info=&#8221;{}&#8221;][\/et_pb_image][et_pb_text disabled_on=&#8221;on|off|off&#8221; admin_label=&#8221;Module &#8211; Subpage Title&#8221; _builder_version=&#8221;4.27.4&#8243; _module_preset=&#8221;default&#8221; text_text_color=&#8221;#333333&#8243; text_font_size=&#8221;17px&#8221; header_text_align=&#8221;left&#8221; header_font_size=&#8221;25px&#8221; positioning=&#8221;relative&#8221; vertical_offset=&#8221;0px&#8221; horizontal_offset=&#8221;0px&#8221; z_index=&#8221;0&#8243; custom_margin=&#8221;||10px||false|false&#8221; global_module=&#8221;280504&#8243; saved_tabs=&#8221;all&#8221; locked=&#8221;off&#8221; global_colors_info=&#8221;{}&#8221;]<\/p>\n<h1><strong>Su plataforma completa para la visibilidad y el diagn\u00f3stico del sistema<\/strong><\/h1>\n<p>[\/et_pb_text][et_pb_text admin_label=\u201dM\u00f3dulo - P\u00e1rrafo\u201d _builder_version=\u201d4.27.4\u2033 _module_preset=\u201ddefault\u201d text_font_size=\u201d16px\u201d custom_padding=\u201d0px||0px||false|false\u201d custom_css_main_element=\u201dstrong {||color: negro;||}\u201d global_module=\u201d280493\u2033 saved_tabs=\u201dall\u201d locked=\u201doff\u201d global_colors_info=\u201d{}\u201d]<\/p>\n<p data-start=\"197\" data-end=\"644\">OMNICOM\u00ae es el software de OMNI basado en Windows, flexible y f\u00e1cil de usar, dise\u00f1ado para simplificar el funcionamiento de sus caudal\u00edmetros OMNI. Con funcionalidad tanto en l\u00ednea como fuera de l\u00ednea, OMNICOM\u00ae le permite supervisar la calidad, revisar los diagn\u00f3sticos y configurar el sistema sin interrumpir la medici\u00f3n. Los usuarios pueden generar informes personalizables, gestionar m\u00faltiples centros y mantener una visibilidad completa de sus activos de transferencia de custodia, todo ello desde una \u00fanica interfaz.<\/p>\n<p data-start=\"646\" data-end=\"1042\">Creado en torno al sistema operativo OMNI, OMNICOM\u00ae emula el teclado del panel frontal utilizado para configurar los computadores y controladores de caudal OMNI serie 3000\/6000. Los men\u00fas a todo color, la navegaci\u00f3n clara y la ayuda F1 integrada reducen el tiempo de configuraci\u00f3n y los requisitos de formaci\u00f3n. Los par\u00e1metros de configuraci\u00f3n cr\u00edticos incluyen l\u00edmites de seguridad incorporados para evitar entradas accidentales que podr\u00edan comprometer la integridad de las mediciones.<\/p>\n<p data-start=\"1044\" data-end=\"1436\">OMNICOM\u00ae admite funciones operativas clave en aplicaciones de l\u00edquidos y gases, como la supervisi\u00f3n de la calidad, la dosificaci\u00f3n y la comprobaci\u00f3n. Las pantallas de diagn\u00f3stico y datos proporcionan acceso inmediato al estado y rendimiento del sistema. OMNICOM\u00ae permite realizar cambios en l\u00ednea sin interrumpir el proceso, ya se trate de un ajuste menor (como un umbral de alarma) o de la configuraci\u00f3n de un proceso de medici\u00f3n completamente nuevo.<\/p>\n<p data-start=\"1438\" data-end=\"1743\">OMNICOM\u00ae tambi\u00e9n incluye WinPanel, una interfaz de panel frontal remota basada en PC que refleja la pantalla y el teclado del computador de caudal. WinPanel, accesible a trav\u00e9s de conexiones serie o Ethernet, permite a los usuarios manejar varios computadores de caudal desde una \u00fanica estaci\u00f3n de trabajo, lo que ampl\u00eda el control operativo a todo el centro.<\/p>\n<p>[\/et_pb_text][et_pb_button button_text=&#8221;Talk to  our Flow Computer Specialists&#8221; admin_label=&#8221;trigger-rfq&#8221; module_class=&#8221;trigger-rfq&#8221; _builder_version=&#8221;4.27.4&#8243; _module_preset=&#8221;default&#8221; custom_button=&#8221;on&#8221; button_text_size=&#8221;14px&#8221; button_text_color=&#8221;#FFFFFF&#8221; button_bg_color=&#8221;#000000&#8243; button_border_radius=&#8221;6px&#8221; button_icon=&#8221;&#x24;||divi||400&#8243; button_icon_color=&#8221;#FFFFFF&#8221; button_on_hover=&#8221;off&#8221; positioning=&#8221;relative&#8221; position_origin_r=&#8221;bottom_right&#8221; vertical_offset=&#8221;0px&#8221; custom_padding=&#8221;7px|33px|7px|15px|false|false&#8221; custom_css_main_element=&#8221;font-weight: bold&#8221; custom_css_after=&#8221;font-size: 20px !important;||top: 8px;&#8221; custom_css_free_form=&#8221;body #page-container .et_pb_section .et_pb_button.et_pb_button_0:after {||  font-size: 20px !important;||}&#8221; saved_tabs=&#8221;all&#8221; global_colors_info=&#8221;{}&#8221; global_module=&#8221;281093&#8243; theme_builder_area=&#8221;post_content&#8221;][\/et_pb_button][\/et_pb_column][\/et_pb_row][\/et_pb_section][et_pb_section fb_built=&#8221;1&#8243; admin_label=&#8221;Key Capabilities&#8221; _builder_version=&#8221;4.27.4&#8243; _module_preset=&#8221;default&#8221; global_colors_info=&#8221;{}&#8221;][et_pb_row column_structure=&#8221;1_5,1_5,1_5,1_5,1_5&#8243; _builder_version=&#8221;4.27.4&#8243; _module_preset=&#8221;default&#8221; global_colors_info=&#8221;{}&#8221;][et_pb_column type=&#8221;1_5&#8243; _builder_version=&#8221;4.27.4&#8243; _module_preset=&#8221;default&#8221; global_colors_info=&#8221;{}&#8221;][et_pb_blurb title=&#8221;Online and offline configuration&#8221; use_icon=&#8221;on&#8221; font_icon=&#8221;&#xe037;||divi||400&#8243; icon_color=&#8221;gcid-6b021242-b54a-4040-aa27-44e1f5319d99&#8243; image_icon_width=&#8221;58px&#8221; icon_alignment=&#8221;left&#8221; _builder_version=&#8221;4.27.4&#8243; _module_preset=&#8221;default&#8221; header_font=&#8221;|700|||||||&#8221; header_font_size=&#8221;20px&#8221; global_module=&#8221;280714&#8243; saved_tabs=&#8221;all&#8221; global_colors_info=&#8221;{%22gcid-6b021242-b54a-4040-aa27-44e1f5319d99%22:%91%22icon_color%22%93}&#8221;][\/et_pb_blurb][\/et_pb_column][et_pb_column type=&#8221;1_5&#8243; _builder_version=&#8221;4.27.4&#8243; _module_preset=&#8221;default&#8221; global_colors_info=&#8221;{}&#8221;][et_pb_blurb title=&#8221;Local and remote access&#8221; use_icon=&#8221;on&#8221; font_icon=&#8221;&#xf5a0;||fa||900&#8243; icon_color=&#8221;gcid-6b021242-b54a-4040-aa27-44e1f5319d99&#8243; image_icon_width=&#8221;58px&#8221; icon_alignment=&#8221;left&#8221; _builder_version=&#8221;4.27.4&#8243; _module_preset=&#8221;default&#8221; header_font=&#8221;|700|||||||&#8221; header_font_size=&#8221;20px&#8221; global_module=&#8221;280714&#8243; saved_tabs=&#8221;all&#8221; global_colors_info=&#8221;{%22gcid-6b021242-b54a-4040-aa27-44e1f5319d99%22:%91%22icon_color%22%93}&#8221;][\/et_pb_blurb][\/et_pb_column][et_pb_column type=&#8221;1_5&#8243; _builder_version=&#8221;4.27.4&#8243; _module_preset=&#8221;default&#8221; global_colors_info=&#8221;{}&#8221;][et_pb_blurb title=&#8221;Simple operation&#8221; use_icon=&#8221;on&#8221; font_icon=&#8221;&#xf78c;||fa||900&#8243; icon_color=&#8221;gcid-6b021242-b54a-4040-aa27-44e1f5319d99&#8243; image_icon_width=&#8221;58px&#8221; icon_alignment=&#8221;left&#8221; _builder_version=&#8221;4.27.4&#8243; _module_preset=&#8221;default&#8221; header_font=&#8221;|700|||||||&#8221; header_font_size=&#8221;20px&#8221; global_module=&#8221;280714&#8243; saved_tabs=&#8221;all&#8221; global_colors_info=&#8221;{%22gcid-6b021242-b54a-4040-aa27-44e1f5319d99%22:%91%22icon_color%22%93}&#8221;][\/et_pb_blurb][\/et_pb_column][et_pb_column type=&#8221;1_5&#8243; _builder_version=&#8221;4.27.4&#8243; _module_preset=&#8221;default&#8221; global_colors_info=&#8221;{}&#8221;][et_pb_blurb title=&#8221;Multiple-site access&#8221; use_icon=&#8221;on&#8221; font_icon=&#8221;&#xe06c;||divi||400&#8243; icon_color=&#8221;gcid-6b021242-b54a-4040-aa27-44e1f5319d99&#8243; image_icon_width=&#8221;58px&#8221; icon_alignment=&#8221;left&#8221; _builder_version=&#8221;4.27.4&#8243; _module_preset=&#8221;default&#8221; header_font=&#8221;|700|||||||&#8221; header_font_size=&#8221;20px&#8221; global_module=&#8221;280714&#8243; saved_tabs=&#8221;all&#8221; global_colors_info=&#8221;{%22gcid-6b021242-b54a-4040-aa27-44e1f5319d99%22:%91%22icon_color%22%93}&#8221;][\/et_pb_blurb][\/et_pb_column][et_pb_column type=&#8221;1_5&#8243; _builder_version=&#8221;4.27.4&#8243; _module_preset=&#8221;default&#8221; global_colors_info=&#8221;{}&#8221;][et_pb_blurb title=&#8221;Extensive F1 Help&#8221; use_icon=&#8221;on&#8221; font_icon=&#8221;&#xf059;||fa||900&#8243; icon_color=&#8221;gcid-6b021242-b54a-4040-aa27-44e1f5319d99&#8243; image_icon_width=&#8221;58px&#8221; icon_alignment=&#8221;left&#8221; _builder_version=&#8221;4.27.4&#8243; _module_preset=&#8221;default&#8221; header_font=&#8221;|700|||||||&#8221; header_font_size=&#8221;20px&#8221; global_module=&#8221;280714&#8243; saved_tabs=&#8221;all&#8221; global_colors_info=&#8221;{%22gcid-6b021242-b54a-4040-aa27-44e1f5319d99%22:%91%22icon_color%22%93}&#8221;][\/et_pb_blurb][\/et_pb_column][\/et_pb_row][et_pb_row column_structure=&#8221;1_5,1_5,1_5,1_5,1_5&#8243; _builder_version=&#8221;4.27.4&#8243; _module_preset=&#8221;default&#8221; global_colors_info=&#8221;{}&#8221;][et_pb_column type=&#8221;1_5&#8243; _builder_version=&#8221;4.27.4&#8243; _module_preset=&#8221;default&#8221; global_colors_info=&#8221;{}&#8221;][et_pb_blurb title=&#8221;Extensive communications logging and debugging&#8221; use_icon=&#8221;on&#8221; font_icon=&#8221;&#xe059;||divi||400&#8243; icon_color=&#8221;gcid-6b021242-b54a-4040-aa27-44e1f5319d99&#8243; image_icon_width=&#8221;58px&#8221; icon_alignment=&#8221;left&#8221; _builder_version=&#8221;4.27.4&#8243; _module_preset=&#8221;default&#8221; header_font=&#8221;|700|||||||&#8221; header_font_size=&#8221;20px&#8221; global_module=&#8221;280714&#8243; saved_tabs=&#8221;all&#8221; global_colors_info=&#8221;{%22gcid-6b021242-b54a-4040-aa27-44e1f5319d99%22:%91%22icon_color%22%93}&#8221;][\/et_pb_blurb][\/et_pb_column][et_pb_column type=&#8221;1_5&#8243; _builder_version=&#8221;4.27.4&#8243; _module_preset=&#8221;default&#8221; global_colors_info=&#8221;{}&#8221;][et_pb_blurb title=&#8221;Built-in safety limits&#8221; use_icon=&#8221;on&#8221; font_icon=&#8221;&#xf1de;||fa||900&#8243; icon_color=&#8221;gcid-6b021242-b54a-4040-aa27-44e1f5319d99&#8243; image_icon_width=&#8221;58px&#8221; icon_alignment=&#8221;left&#8221; _builder_version=&#8221;4.27.4&#8243; _module_preset=&#8221;default&#8221; header_font=&#8221;|700|||||||&#8221; header_font_size=&#8221;20px&#8221; global_module=&#8221;280714&#8243; saved_tabs=&#8221;all&#8221; global_colors_info=&#8221;{%22gcid-6b021242-b54a-4040-aa27-44e1f5319d99%22:%91%22icon_color%22%93}&#8221;][\/et_pb_blurb][\/et_pb_column][et_pb_column type=&#8221;1_5&#8243; _builder_version=&#8221;4.27.4&#8243; _module_preset=&#8221;default&#8221; global_colors_info=&#8221;{}&#8221;][et_pb_blurb title=&#8221;Customizable reports&#8221; use_icon=&#8221;on&#8221; font_icon=&#8221;&#xf080;||fa||900&#8243; icon_color=&#8221;gcid-6b021242-b54a-4040-aa27-44e1f5319d99&#8243; image_icon_width=&#8221;58px&#8221; icon_alignment=&#8221;left&#8221; _builder_version=&#8221;4.27.4&#8243; _module_preset=&#8221;default&#8221; header_font=&#8221;|700|||||||&#8221; header_font_size=&#8221;20px&#8221; global_module=&#8221;280714&#8243; saved_tabs=&#8221;all&#8221; global_colors_info=&#8221;{%22gcid-6b021242-b54a-4040-aa27-44e1f5319d99%22:%91%22icon_color%22%93}&#8221;][\/et_pb_blurb][\/et_pb_column][et_pb_column type=&#8221;1_5&#8243; _builder_version=&#8221;4.27.4&#8243; _module_preset=&#8221;default&#8221; global_colors_info=&#8221;{}&#8221;][et_pb_blurb title=&#8221;Integrated WinPanel&#8221; use_icon=&#8221;on&#8221; font_icon=&#8221;&#xf074;||fa||900&#8243; icon_color=&#8221;gcid-6b021242-b54a-4040-aa27-44e1f5319d99&#8243; image_icon_width=&#8221;58px&#8221; icon_alignment=&#8221;left&#8221; _builder_version=&#8221;4.27.4&#8243; _module_preset=&#8221;default&#8221; header_font=&#8221;|700|||||||&#8221; header_font_size=&#8221;20px&#8221; global_module=&#8221;280714&#8243; saved_tabs=&#8221;all&#8221; global_colors_info=&#8221;{%22gcid-6b021242-b54a-4040-aa27-44e1f5319d99%22:%91%22icon_color%22%93}&#8221;][\/et_pb_blurb][\/et_pb_column][et_pb_column type=&#8221;1_5&#8243; _builder_version=&#8221;4.27.4&#8243; _module_preset=&#8221;default&#8221; global_colors_info=&#8221;{}&#8221;][et_pb_blurb title=&#8221;Latest Windows support&#8221; use_icon=&#8221;on&#8221; font_icon=&#8221;&#xf17a;||fa||400&#8243; icon_color=&#8221;gcid-6b021242-b54a-4040-aa27-44e1f5319d99&#8243; image_icon_width=&#8221;58px&#8221; icon_alignment=&#8221;left&#8221; _builder_version=&#8221;4.27.4&#8243; _module_preset=&#8221;default&#8221; header_font=&#8221;|700|||||||&#8221; header_font_size=&#8221;20px&#8221; global_module=&#8221;280714&#8243; saved_tabs=&#8221;all&#8221; global_colors_info=&#8221;{%22gcid-6b021242-b54a-4040-aa27-44e1f5319d99%22:%91%22icon_color%22%93}&#8221;][\/et_pb_blurb][\/et_pb_column][\/et_pb_row][\/et_pb_section][et_pb_section fb_built=&#8221;1&#8243; admin_label=&#8221;Big Computer Image&#8221; _builder_version=&#8221;4.27.4&#8243; _module_preset=&#8221;default&#8221; custom_padding=&#8221;0px||0px|||&#8221; saved_tabs=&#8221;all&#8221; locked=&#8221;off&#8221; collapsed=&#8221;on&#8221; global_colors_info=&#8221;{}&#8221;][et_pb_row _builder_version=&#8221;4.27.4&#8243; _module_preset=&#8221;default&#8221; custom_padding=&#8221;0px||0px|||&#8221; global_colors_info=&#8221;{}&#8221;][et_pb_column type=&#8221;4_4&#8243; _builder_version=&#8221;4.27.4&#8243; _module_preset=&#8221;default&#8221; global_colors_info=&#8221;{}&#8221;][et_pb_image src=&#8221;https:\/\/omnifc.wpenginepowered.com\/wp-content\/uploads\/2025\/11\/omnicom-a3iuedh.png&#8221; title_text=&#8221;omnicom-a3iuedh&#8221; align=&#8221;center&#8221; _builder_version=&#8221;4.27.4&#8243; _module_preset=&#8221;default&#8221; background_enable_color=&#8221;off&#8221; max_width=&#8221;91.6%&#8221; custom_padding=&#8221;|0px||0px|false|false&#8221; locked=&#8221;off&#8221; global_colors_info=&#8221;{}&#8221;][\/et_pb_image][\/et_pb_column][\/et_pb_row][\/et_pb_section][et_pb_section fb_built=&#8221;1&#8243; admin_label=&#8221;Why Operators Trust the OMNI 7000&#8243; _builder_version=&#8221;4.27.4&#8243; _module_preset=&#8221;default&#8221; background_color=&#8221;#f4f4f4&#8243; collapsed=&#8221;on&#8221; global_colors_info=&#8221;{}&#8221;][et_pb_row column_structure=&#8221;2_5,3_5&#8243; _builder_version=&#8221;4.27.4&#8243; _module_preset=&#8221;default&#8221; global_colors_info=&#8221;{}&#8221;][et_pb_column type=&#8221;2_5&#8243; _builder_version=&#8221;4.27.4&#8243; _module_preset=&#8221;default&#8221; global_colors_info=&#8221;{}&#8221;][et_pb_text _builder_version=&#8221;4.27.4&#8243; _module_preset=&#8221;default&#8221; text_text_color=&#8221;#000000&#8243; text_font_size=&#8221;38px&#8221; text_line_height=&#8221;1.4em&#8221; global_colors_info=&#8221;{}&#8221;]<\/p>\n<p>Migraci\u00f3n de OMNI 6000 a 7000<\/p>\n<p>[\/et_pb_text][et_pb_button button_url=&#8221;@ET-DC@eyJkeW5hbWljIjp0cnVlLCJjb250ZW50IjoicG9zdF9saW5rX3VybF9wYWdlIiwic2V0dGluZ3MiOnsicG9zdF9pZCI6IjI4MDkzMiJ9fQ==@&#8221; button_text=&#8221;View Migration Guide&#8221; admin_label=&#8221;Black Button&#8221; _builder_version=&#8221;4.27.4&#8243; _dynamic_attributes=&#8221;button_url&#8221; _module_preset=&#8221;default&#8221; custom_button=&#8221;on&#8221; button_text_size=&#8221;14px&#8221; button_text_color=&#8221;#FFFFFF&#8221; button_bg_color=&#8221;#000000&#8243; button_border_radius=&#8221;6px&#8221; button_icon=&#8221;&#x24;||divi||400&#8243; button_icon_color=&#8221;#FFFFFF&#8221; button_on_hover=&#8221;off&#8221; positioning=&#8221;relative&#8221; position_origin_r=&#8221;bottom_right&#8221; vertical_offset=&#8221;0px&#8221; custom_padding=&#8221;7px|33px|7px|15px|false|false&#8221; custom_css_main_element=&#8221;font-weight: bold&#8221; custom_css_after=&#8221;font-size: 20px !important;||top: 8px;&#8221; custom_css_free_form=&#8221;body #page-container .et_pb_section .et_pb_button.et_pb_button_0:after {||  font-size: 20px !important;||}&#8221; saved_tabs=&#8221;all&#8221; global_colors_info=&#8221;{}&#8221;][\/et_pb_button][\/et_pb_column][et_pb_column type=&#8221;3_5&#8243; _builder_version=&#8221;4.27.4&#8243; _module_preset=&#8221;default&#8221; global_colors_info=&#8221;{}&#8221;][et_pb_text _builder_version=&#8221;4.27.4&#8243; _module_preset=&#8221;default&#8221; custom_css_main_element=&#8221;ul {||  list-style-type: square;||  margin-left: 1.2rem; \/* tweak as needed *\/||  padding-left: 0;||}||||ul li::marker {||  color: #e30000; \/* red *\/||}&#8221; saved_tabs=&#8221;all&#8221; locked=&#8221;off&#8221; global_colors_info=&#8221;{}&#8221;]A comprehensive guide for IT professionals transitioning from legacy OMNI 6000 systems to the modern OMNI 7000 platform. This presentation outlines key considerations, challenges, and best practices.[\/et_pb_text][\/et_pb_column][\/et_pb_row][\/et_pb_section]<\/p>","protected":false},"excerpt":{"rendered":"<p>OMNICOMControl Every Flow Computer from One ApplicationYour Complete Platform for System Visibility and DiagnosticsOMNICOM\u00ae is OMNI\u2019s flexible, user-friendly Windows-based software designed to simplify the operation of your OMNI flow computers. With both online and offline functionality, OMNICOM\u00ae allows you to monitor quality, review diagnostics, and configure the system without interrupting measurement. Users can generate customizable [&hellip;]<\/p>","protected":false},"author":1,"featured_media":0,"parent":0,"menu_order":0,"comment_status":"closed","ping_status":"closed","template":"","meta":{"_et_pb_use_builder":"on","_et_pb_old_content":"","_et_gb_content_width":"","footnotes":""},"class_list":["post-280882","page","type-page","status-publish","hentry"],"_links":{"self":[{"href":"https:\/\/www.omniflow.com\/es\/wp-json\/wp\/v2\/pages\/280882","targetHints":{"allow":["GET"]}}],"collection":[{"href":"https:\/\/www.omniflow.com\/es\/wp-json\/wp\/v2\/pages"}],"about":[{"href":"https:\/\/www.omniflow.com\/es\/wp-json\/wp\/v2\/types\/page"}],"author":[{"embeddable":true,"href":"https:\/\/www.omniflow.com\/es\/wp-json\/wp\/v2\/users\/1"}],"replies":[{"embeddable":true,"href":"https:\/\/www.omniflow.com\/es\/wp-json\/wp\/v2\/comments?post=280882"}],"version-history":[{"count":0,"href":"https:\/\/www.omniflow.com\/es\/wp-json\/wp\/v2\/pages\/280882\/revisions"}],"wp:attachment":[{"href":"https:\/\/www.omniflow.com\/es\/wp-json\/wp\/v2\/media?parent=280882"}],"curies":[{"name":"wp","href":"https:\/\/api.w.org\/{rel}","templated":true}]}}