{"id":280819,"date":"2025-11-23T19:04:59","date_gmt":"2025-11-23T19:04:59","guid":{"rendered":"https:\/\/omniflowdev.wpenginepowered.com\/?page_id=280819"},"modified":"2026-03-20T23:01:52","modified_gmt":"2026-03-20T23:01:52","slug":"quality","status":"publish","type":"page","link":"https:\/\/www.omniflow.com\/de\/quality\/","title":{"rendered":"Qualit\u00e4t"},"content":{"rendered":"<p>[et_pb_section fb_built=&#8221;1&#8243; admin_label=&#8221;Subtitle Title&#8221; _builder_version=&#8221;4.27.4&#8243; _module_preset=&#8221;default&#8221; custom_padding=&#8221;0px||3px||false|false&#8221; collapsed=&#8221;on&#8221; global_colors_info=&#8221;{}&#8221;][et_pb_row _builder_version=&#8221;4.27.4&#8243; _module_preset=&#8221;default&#8221; saved_tabs=&#8221;all&#8221; global_colors_info=&#8221;{}&#8221;][et_pb_column type=&#8221;4_4&#8243; _builder_version=&#8221;4.27.4&#8243; _module_preset=&#8221;default&#8221; global_colors_info=&#8221;{}&#8221;][et_pb_text disabled_on=&#8221;on|off|off&#8221; admin_label=&#8221;Module &#8211; Subpage Title&#8221; _builder_version=&#8221;4.27.4&#8243; _module_preset=&#8221;default&#8221; text_text_color=&#8221;#333333&#8243; text_font_size=&#8221;17px&#8221; header_text_align=&#8221;left&#8221; header_font_size=&#8221;25px&#8221; positioning=&#8221;relative&#8221; vertical_offset=&#8221;0px&#8221; horizontal_offset=&#8221;0px&#8221; z_index=&#8221;0&#8243; custom_margin=&#8221;||10px||false|false&#8221; global_module=&#8221;280504&#8243; saved_tabs=&#8221;all&#8221; locked=&#8221;off&#8221; global_colors_info=&#8221;{}&#8221;]<\/p>\n<h1><strong>Qualit\u00e4t und Konformit\u00e4t<\/strong><\/h1>\n<p>[\/et_pb_text][et_pb_text admin_label=&#8221;Module &#8211; Subpage Subtitle&#8221; _builder_version=&#8221;4.27.4&#8243; _module_preset=&#8221;default&#8221; text_font_size=&#8221;20px&#8221; header_text_align=&#8221;left&#8221; positioning=&#8221;relative&#8221; vertical_offset=&#8221;0px&#8221; horizontal_offset=&#8221;0px&#8221; z_index=&#8221;0&#8243; custom_margin=&#8221;||-4px|||&#8221; custom_css_main_element=&#8221;background: url(%22\/wp-content\/uploads\/2025\/09\/red-line-2.png%22);||background-repeat: no-repeat;||background-position: bottom left;||text-shadow: none;||padding-bottom: 15px&#8221; global_module=&#8221;280506&#8243; saved_tabs=&#8221;all&#8221; locked=&#8221;off&#8221; global_colors_info=&#8221;{}&#8221;]<\/p>\n<p>Qualit\u00e4tssysteme zur Erf\u00fcllung globaler Messstandards<\/p>\n<p>[\/et_pb_text][\/et_pb_column][\/et_pb_row][\/et_pb_section][et_pb_section fb_built=&#8221;1&#8243; admin_label=&#8221;Section &#8211; Picture with floating text row&#8221; _builder_version=&#8221;4.27.4&#8243; _module_preset=&#8221;default&#8221; custom_padding=&#8221;0px||0px|||&#8221; saved_tabs=&#8221;all&#8221; locked=&#8221;off&#8221; collapsed=&#8221;on&#8221; global_colors_info=&#8221;{}&#8221;][et_pb_row column_structure=&#8221;3_5,2_5&#8243; _builder_version=&#8221;4.27.4&#8243; _module_preset=&#8221;default&#8221; custom_padding=&#8221;0px||0px|||&#8221; global_colors_info=&#8221;{}&#8221;][et_pb_column type=&#8221;3_5&#8243; _builder_version=&#8221;4.27.4&#8243; _module_preset=&#8221;default&#8221; global_colors_info=&#8221;{}&#8221;][et_pb_text admin_label=&#8221;Module &#8211; Paragraph&#8221; _builder_version=&#8221;4.27.4&#8243; _module_preset=&#8221;default&#8221; text_font_size=&#8221;16px&#8221; custom_padding=&#8221;0px||0px||false|false&#8221; custom_css_main_element=&#8221;strong {||  color: black;||}&#8221; global_module=&#8221;280493&#8243; saved_tabs=&#8221;all&#8221; locked=&#8221;off&#8221; global_colors_info=&#8221;{}&#8221;]<\/p>\n<p data-start=\"927\" data-end=\"1255\">OMNI Flow Computers hat es sich zur Aufgabe gemacht, eichpflichtige Messsysteme zu liefern, denen Betreiber in den anspruchsvollsten Umgebungen der \u00d6l- und Gas-Wertsch\u00f6pfungskette vertrauen k\u00f6nnen. Seit mehr als 35 Jahren beruht unser Ruf auf einem einfachen Prinzip: <strong data-start=\"1178\" data-end=\"1255\">Qualit\u00e4t wird entwickelt, \u00fcberpr\u00fcft und kontinuierlich verbessert - niemals vorausgesetzt.<\/strong><\/p>\n<p data-start=\"1257\" data-end=\"1523\">Unser Qualit\u00e4tsprozess basiert auf R\u00fcckverfolgbarkeit, \u00fcberpr\u00fcfbarer Leistung und der strikten Einhaltung globaler Messstandards. Jeder OMNI-Durchflussrechner wird mit der Pr\u00e4zision entwickelt, montiert und getestet, die f\u00fcr kritische eichpflichtige Vorg\u00e4nge erforderlich ist.<\/p>\n<p>[\/et_pb_text][\/et_pb_column][et_pb_column type=&#8221;2_5&#8243; _builder_version=&#8221;4.27.4&#8243; _module_preset=&#8221;default&#8221; background_color=&#8221;gcid-b4417ffa-1851-482a-be59-c694ddc9ecd4&#8243; custom_padding=&#8221;20px|20px|20px|20px|false|false&#8221; border_radii=&#8221;on|10px|10px|10px|10px&#8221; global_colors_info=&#8221;{%22gcid-b4417ffa-1851-482a-be59-c694ddc9ecd4%22:%91%22background_color%22%93}&#8221;][et_pb_text admin_label=&#8221;Module &#8211; Paragraph&#8221; _builder_version=&#8221;4.27.4&#8243; _module_preset=&#8221;default&#8221; text_text_color=&#8221;#FFFFFF&#8221; text_font_size=&#8221;16px&#8221; custom_padding=&#8221;0px||0px||false|false&#8221; custom_css_main_element=&#8221;strong {||  color: black;||}&#8221; global_module=&#8221;280493&#8243; saved_tabs=&#8221;all&#8221; locked=&#8221;off&#8221; global_colors_info=&#8221;{}&#8221;]OMNI products comply with global measurement requirements, reinforcing our commitment to secure and auditable measurement. The list includes, but it is not limited to the standards below:<\/p>\n<ul data-start=\"3332\" data-end=\"3483\">\n<li data-start=\"3332\" data-end=\"3391\">\n<p data-start=\"3334\" data-end=\"3391\">API MPMS-Kapitel 4, 5, 6, 8, 9, 11, 12, 13 und 21<\/p>\n<\/li>\n<li data-start=\"3392\" data-end=\"3430\">\n<p data-start=\"3394\" data-end=\"3430\">AGA, ISO, OIML und WELMEC 7.2<\/p>\n<\/li>\n<li data-start=\"3431\" data-end=\"3483\">\n<p data-start=\"3433\" data-end=\"3483\">UL, CE, CSA<\/p>\n<\/li>\n<\/ul>\n<p>[\/et_pb_text][\/et_pb_column][\/et_pb_row][\/et_pb_section][et_pb_section fb_built=&#8221;1&#8243; custom_padding_last_edited=&#8221;on|phone&#8221; admin_label=&#8221;Floating Text&#8221; _builder_version=&#8221;4.27.4&#8243; _module_preset=&#8221;default&#8221; custom_margin=&#8221;|0px|40px|0px|false|false&#8221; custom_padding=&#8221;||0px|||&#8221; custom_padding_tablet=&#8221;||0px|||&#8221; custom_padding_phone=&#8221;|0px||0px|false|false&#8221; global_module=&#8221;280844&#8243; collapsed=&#8221;off&#8221; global_colors_info=&#8221;{}&#8221;][et_pb_row column_structure=&#8221;1_2,1_2&#8243; _builder_version=&#8221;4.27.4&#8243; _module_preset=&#8221;default&#8221; width_tablet=&#8221;&#8221; width_phone=&#8221;100%&#8221; width_last_edited=&#8221;on|phone&#8221; custom_padding=&#8221;0px|0px|0px|0px|false|false&#8221; global_colors_info=&#8221;{}&#8221;][et_pb_column type=&#8221;1_2&#8243; _builder_version=&#8221;4.27.4&#8243; _module_preset=&#8221;default&#8221; global_colors_info=&#8221;{}&#8221;][et_pb_image src=&#8221;https:\/\/omnifc.wpenginepowered.com\/wp-content\/uploads\/2025\/11\/omni-qfa7siudhjkx.jpg&#8221; title_text=&#8221;omni-qfa7siudhjkx&#8221; disabled_on=&#8221;off|on|on&#8221; _builder_version=&#8221;4.27.4&#8243; _module_preset=&#8221;default&#8221; custom_margin=&#8221;||0px||false|false&#8221; border_radii=&#8221;off|10px|10px||&#8221; global_colors_info=&#8221;{}&#8221;][\/et_pb_image][et_pb_blurb title=&#8221;Our Quality Policy&#8221; content_max_width=&#8221;100%&#8221; _builder_version=&#8221;4.27.4&#8243; _module_preset=&#8221;default&#8221; header_font=&#8221;|700|||||||&#8221; header_text_color=&#8221;#FFFFFF&#8221; header_font_size=&#8221;20px&#8221; body_text_color=&#8221;#FFFFFF&#8221; background_color=&#8221;gcid-6b021242-b54a-4040-aa27-44e1f5319d99&#8243; width=&#8221;100%&#8221; width_tablet=&#8221;&#8221; width_phone=&#8221;&#8221; width_last_edited=&#8221;on|phone&#8221; max_width=&#8221;100%&#8221; max_width_tablet=&#8221;&#8221; max_width_phone=&#8221;100%&#8221; max_width_last_edited=&#8221;on|phone&#8221; module_alignment=&#8221;center&#8221; custom_margin=&#8221;|0px|||false|false&#8221; custom_margin_tablet=&#8221;&#8221; custom_margin_phone=&#8221;&#8221; custom_margin_last_edited=&#8221;on|phone&#8221; custom_padding=&#8221;40px|40px|40px|40px|false|false&#8221; border_radii=&#8221;off|10px|10px|10px|10px&#8221; border_radii_tablet=&#8221;&#8221; border_radii_phone=&#8221;off|0px|0px|10px|10px&#8221; border_radii_last_edited=&#8221;on|phone&#8221; box_shadow_style=&#8221;preset3&#8243; box_shadow_color=&#8221;RGBA(255,255,255,0)&#8221; global_colors_info=&#8221;{%22gcid-6b021242-b54a-4040-aa27-44e1f5319d99%22:%91%22background_color%22%93}&#8221; custom_css_main_element_last_edited=&#8221;on|phone&#8221; custom_css_main_element_phone=&#8221;background-color: #ce1126e8;||padding: 20px 0px;||border-radius: 0px 0px 0px 0px&#8221; content_max_width__hover_enabled=&#8221;on|desktop&#8221; content_max_width__hover=&#8221;100%&#8221;]<\/p>\n<p style=\"font-weight: 400;\">OMNI hat sich zum Ziel gesetzt, ein f\u00fchrender Anbieter von Durchflussmessungen und Datenmanagement in der Erd\u00f6lindustrie zu sein:<\/p>\n<p style=\"font-weight: 400;\">\n<ul style=\"font-weight: 400;\">\n<li>Kontinuierliche Verbesserung<\/li>\n<li>Erf\u00fcllung und \u00dcbertreffen der Kundenanforderungen<\/li>\n<li>Effizientes Management unserer Systeme und Prozesse<\/li>\n<\/ul>\n<p>[\/et_pb_blurb][\/et_pb_column][et_pb_column type=&#8221;1_2&#8243; _builder_version=&#8221;4.27.4&#8243; _module_preset=&#8221;default&#8221; background_color=&#8221;gcid-6b021242-b54a-4040-aa27-44e1f5319d99&#8243; border_radii=&#8221;on|10px|10px|10px|10px&#8221; global_colors_info=&#8221;{%22gcid-6b021242-b54a-4040-aa27-44e1f5319d99%22:%91%22background_color%22%93}&#8221;][et_pb_image src=&#8221;https:\/\/omnifc.wpenginepowered.com\/wp-content\/uploads\/2025\/11\/omni-qfa7siudhjkx.jpg&#8221; title_text=&#8221;omni-qfa7siudhjkx&#8221; disabled_on=&#8221;on|off|off&#8221; _builder_version=&#8221;4.27.4&#8243; _module_preset=&#8221;default&#8221; custom_margin=&#8221;||0px||false|false&#8221; border_radii=&#8221;off|10px|10px||&#8221; global_colors_info=&#8221;{}&#8221;][\/et_pb_image][et_pb_image src=&#8221;https:\/\/omnifc.wpenginepowered.com\/wp-content\/uploads\/2025\/11\/omni-sdas7yduhj.jpg&#8221; title_text=&#8221;omni-sdas7yduhj&#8221; disabled_on=&#8221;on|off|off&#8221; _builder_version=&#8221;4.27.4&#8243; _module_preset=&#8221;default&#8221; custom_margin=&#8221;||0px||false|false&#8221; border_radii=&#8221;off|||10px|10px&#8221; global_colors_info=&#8221;{}&#8221;][\/et_pb_image][\/et_pb_column][\/et_pb_row][\/et_pb_section][et_pb_section fb_built=&#8221;1&#8243; admin_label=&#8221;Text Columns&#8221; _builder_version=&#8221;4.27.4&#8243; _module_preset=&#8221;default&#8221; custom_margin=&#8221;0px||||false|false&#8221; custom_padding=&#8221;0px||0px||false|false&#8221; collapsed=&#8221;on&#8221; global_colors_info=&#8221;{}&#8221;][et_pb_row column_structure=&#8221;2_5,3_5&#8243; _builder_version=&#8221;4.27.4&#8243; _module_preset=&#8221;default&#8221; custom_margin=&#8221;0px||0px||false|false&#8221; custom_padding=&#8221;20px||0px||false|false&#8221; global_colors_info=&#8221;{}&#8221;][et_pb_column type=&#8221;2_5&#8243; _builder_version=&#8221;4.27.4&#8243; _module_preset=&#8221;default&#8221; global_colors_info=&#8221;{}&#8221;][et_pb_text disabled_on=&#8221;on|off|off&#8221; admin_label=&#8221;Module &#8211; Subpage Title&#8221; _builder_version=&#8221;4.27.4&#8243; _module_preset=&#8221;default&#8221; text_text_color=&#8221;#333333&#8243; text_font_size=&#8221;17px&#8221; header_text_align=&#8221;left&#8221; header_font_size=&#8221;25px&#8221; positioning=&#8221;relative&#8221; vertical_offset=&#8221;0px&#8221; horizontal_offset=&#8221;0px&#8221; z_index=&#8221;0&#8243; custom_margin=&#8221;||10px||false|false&#8221; global_module=&#8221;280504&#8243; saved_tabs=&#8221;all&#8221; locked=&#8221;off&#8221; global_colors_info=&#8221;{}&#8221;]<\/p>\n<h1><strong>Qualit\u00e4t gebaut i<\/strong>nto<br \/>jede<strong> OMNI Durchflussrechner<\/strong><\/h1>\n<p>[\/et_pb_text][et_pb_text admin_label=&#8221;Module &#8211; Paragraph&#8221; _builder_version=&#8221;4.27.4&#8243; _module_preset=&#8221;default&#8221; text_font_size=&#8221;16px&#8221; custom_padding=&#8221;0px||0px||false|false&#8221; custom_css_main_element=&#8221;strong {||  color: black;||}&#8221; global_module=&#8221;280493&#8243; saved_tabs=&#8221;all&#8221; locked=&#8221;off&#8221; global_colors_info=&#8221;{}&#8221;]<\/p>\n<p data-start=\"108\" data-end=\"440\">Jeder OMNI-Durchflussrechner basiert auf einer disziplinierten Qualit\u00e4tsgrundlage, bei der Leistung, Zuverl\u00e4ssigkeit und langfristige Wartungsfreundlichkeit im Vordergrund stehen. Unsere Entwicklungs-, Fertigungs- und Pr\u00fcfverfahren arbeiten zusammen, um sicherzustellen, dass jedes Ger\u00e4t in anspruchsvollen eichpflichtigen Anwendungen in der gesamten \u00d6l- und Gas-Wertsch\u00f6pfungskette gleichbleibende Leistung erbringt.<\/p>\n<p>[\/et_pb_text][\/et_pb_column][et_pb_column type=&#8221;3_5&#8243; _builder_version=&#8221;4.27.4&#8243; _module_preset=&#8221;default&#8221; global_colors_info=&#8221;{}&#8221;][et_pb_image src=&#8221;https:\/\/omnifc.wpenginepowered.com\/wp-content\/uploads\/2025\/11\/omni-production-quality.jpg&#8221; title_text=&#8221;_0C0K4738 copy&#8221; admin_label=&#8221;Module &#8211; Side Image Rounded&#8221; _builder_version=&#8221;4.27.4&#8243; _module_preset=&#8221;default&#8221; background_enable_image=&#8221;off&#8221; custom_padding=&#8221;||3px|||&#8221; border_radii=&#8221;on|10px|10px|10px|10px&#8221; global_module=&#8221;280480&#8243; saved_tabs=&#8221;all&#8221; locked=&#8221;off&#8221; global_colors_info=&#8221;{}&#8221;][\/et_pb_image][\/et_pb_column][\/et_pb_row][et_pb_row column_structure=&#8221;1_3,1_3,1_3&#8243; _builder_version=&#8221;4.27.4&#8243; _module_preset=&#8221;default&#8221; global_colors_info=&#8221;{}&#8221;][et_pb_column type=&#8221;1_3&#8243; _builder_version=&#8221;4.27.4&#8243; _module_preset=&#8221;default&#8221; global_colors_info=&#8221;{}&#8221;][et_pb_text _builder_version=&#8221;4.27.4&#8243; _module_preset=&#8221;default&#8221; custom_css_main_element=&#8221;ul {||  list-style-type: square;||  margin-left: 1.2rem; \/* tweak as needed *\/||  padding-left: 0;||}||||ul li::marker {||  color: #e30000; \/* red *\/||}&#8221; saved_tabs=&#8221;all&#8221; global_colors_info=&#8221;{}&#8221;]<\/p>\n<ul>\n<li><strong>Technik durch Design<\/strong>\n<p data-start=\"2221\" data-end=\"2465\">Die Architektur von OMNI basiert auf einer sicheren, Firmware-zentrierten Plattform, die PC-basierte Betriebssysteme und die damit verbundene Instabilit\u00e4t vermeidet. Jedes Ger\u00e4t ist auf vorhersehbare Leistung, Aufr\u00fcstbarkeit vor Ort und langfristige Kompatibilit\u00e4t \u00fcber Generationen hinweg ausgelegt.<\/p>\n<\/li>\n<\/ul>\n<p>[\/et_pb_text][\/et_pb_column][et_pb_column type=&#8221;1_3&#8243; _builder_version=&#8221;4.27.4&#8243; _module_preset=&#8221;default&#8221; global_colors_info=&#8221;{}&#8221;][et_pb_text _builder_version=&#8221;4.27.4&#8243; _module_preset=&#8221;default&#8221; custom_css_main_element=&#8221;ul {||  list-style-type: square;||  margin-left: 1.2rem; \/* tweak as needed *\/||  padding-left: 0;||}||||ul li::marker {||  color: #e30000; \/* red *\/||}&#8221; saved_tabs=&#8221;all&#8221; global_colors_info=&#8221;{}&#8221;]<\/p>\n<ul>\n<li><strong>Strenge Fertigungskontrollen<\/strong>\n<p data-start=\"2766\" data-end=\"2848\">Jeder Flow Computer wird nach disziplinierten Fertigungsverfahren zusammengebaut, die durch dokumentierte R\u00fcckverfolgbarkeit unterst\u00fctzt werden. Bauteilintegrit\u00e4t, Montagesequenzen und Pr\u00fcfpunkte gew\u00e4hrleisten Konsistenz und die Einhaltung der kontrollierten Produktionsstandards von OMNI.<\/p>\n<\/li>\n<\/ul>\n<p>[\/et_pb_text][\/et_pb_column][et_pb_column type=&#8221;1_3&#8243; _builder_version=&#8221;4.27.4&#8243; _module_preset=&#8221;default&#8221; global_colors_info=&#8221;{}&#8221;][et_pb_text _builder_version=&#8221;4.27.4&#8243; _module_preset=&#8221;default&#8221; custom_css_main_element=&#8221;ul {||  list-style-type: square;||  margin-left: 1.2rem; \/* tweak as needed *\/||  padding-left: 0;||}||||ul li::marker {||  color: #e30000; \/* red *\/||}&#8221; saved_tabs=&#8221;all&#8221; global_colors_info=&#8221;{}&#8221;]<\/p>\n<ul>\n<li><strong>Umfassende Tests im Werk<\/strong><br \/>Vor der Auslieferung durchl\u00e4uft jedes Ger\u00e4t eine ganze Reihe von Funktions-, Diagnose- und Kommunikationstests. Stromversorgungs-, E\/A- und Modulvalidierungsverfahren best\u00e4tigen, dass das System die Betriebskriterien erf\u00fcllt und unter den erwarteten Feldbedingungen zuverl\u00e4ssig arbeitet.<\/li>\n<\/ul>\n<p>[\/et_pb_text][\/et_pb_column][\/et_pb_row][\/et_pb_section][et_pb_section fb_built=&#8221;1&#8243; admin_label=&#8221;Defining the Standard&#8221; _builder_version=&#8221;4.27.4&#8243; _module_preset=&#8221;default&#8221; background_color=&#8221;#f4f4f4&#8243; locked=&#8221;off&#8221; collapsed=&#8221;on&#8221; global_colors_info=&#8221;{}&#8221;][et_pb_row column_structure=&#8221;1_2,1_2&#8243; _builder_version=&#8221;4.27.4&#8243; _module_preset=&#8221;default&#8221; global_colors_info=&#8221;{}&#8221;][et_pb_column type=&#8221;1_2&#8243; _builder_version=&#8221;4.27.4&#8243; _module_preset=&#8221;default&#8221; global_colors_info=&#8221;{}&#8221;][et_pb_text _builder_version=&#8221;4.27.4&#8243; _module_preset=&#8221;default&#8221; text_text_color=&#8221;#000000&#8243; text_font_size=&#8221;38px&#8221; text_line_height=&#8221;1em&#8221; global_colors_info=&#8221;{}&#8221;]<\/p>\n<p>Kunden-Feedback<\/p>\n<p>[\/et_pb_text][et_pb_button button_url=&#8221;https:\/\/www.surveymonkey.com\/r\/OMNI_Customer-Satisfaction2021&#8243; button_text=&#8221;Customer Satisfaction&#8221; admin_label=&#8221;Black Button&#8221; _builder_version=&#8221;4.27.4&#8243; _module_preset=&#8221;default&#8221; custom_button=&#8221;on&#8221; button_text_size=&#8221;14px&#8221; button_text_color=&#8221;#FFFFFF&#8221; button_bg_color=&#8221;#000000&#8243; button_border_radius=&#8221;6px&#8221; button_icon=&#8221;&#x24;||divi||400&#8243; button_icon_color=&#8221;#FFFFFF&#8221; button_on_hover=&#8221;off&#8221; positioning=&#8221;relative&#8221; position_origin_r=&#8221;bottom_right&#8221; vertical_offset=&#8221;0px&#8221; custom_padding=&#8221;7px|33px|7px|15px|false|false&#8221; custom_css_main_element=&#8221;font-weight: bold&#8221; custom_css_after=&#8221;font-size: 20px !important;||top: 8px;&#8221; custom_css_free_form=&#8221;body #page-container .et_pb_section .et_pb_button.et_pb_button_0:after {||  font-size: 20px !important;||}&#8221; saved_tabs=&#8221;all&#8221; locked=&#8221;off&#8221; global_colors_info=&#8221;{}&#8221;][\/et_pb_button][et_pb_button button_url=&#8221;https:\/\/www.surveymonkey.com\/r\/OMNI_TechnicalTrainingClass&#8221; button_text=&#8221;Technical Training Class Survey&#8221; admin_label=&#8221;Black Button&#8221; _builder_version=&#8221;4.27.4&#8243; _module_preset=&#8221;default&#8221; custom_button=&#8221;on&#8221; button_text_size=&#8221;14px&#8221; button_text_color=&#8221;#FFFFFF&#8221; button_bg_color=&#8221;#000000&#8243; button_border_radius=&#8221;6px&#8221; button_icon=&#8221;&#x24;||divi||400&#8243; button_icon_color=&#8221;#FFFFFF&#8221; button_on_hover=&#8221;off&#8221; positioning=&#8221;relative&#8221; position_origin_r=&#8221;bottom_right&#8221; vertical_offset=&#8221;0px&#8221; custom_padding=&#8221;7px|33px|7px|15px|false|false&#8221; custom_css_main_element=&#8221;font-weight: bold&#8221; custom_css_after=&#8221;font-size: 20px !important;||top: 8px;&#8221; custom_css_free_form=&#8221;body #page-container .et_pb_section .et_pb_button.et_pb_button_0:after {||  font-size: 20px !important;||}&#8221; saved_tabs=&#8221;all&#8221; locked=&#8221;off&#8221; global_colors_info=&#8221;{}&#8221;][\/et_pb_button][et_pb_button button_url=&#8221;https:\/\/www.surveymonkey.com\/r\/OMNI_Customer_Feedback&#8221; button_text=&#8221;Suggestions &#038; Complaints&#8221; admin_label=&#8221;Black Button&#8221; _builder_version=&#8221;4.27.4&#8243; _module_preset=&#8221;default&#8221; custom_button=&#8221;on&#8221; button_text_size=&#8221;14px&#8221; button_text_color=&#8221;#FFFFFF&#8221; button_bg_color=&#8221;#000000&#8243; button_border_radius=&#8221;6px&#8221; button_icon=&#8221;&#x24;||divi||400&#8243; button_icon_color=&#8221;#FFFFFF&#8221; button_on_hover=&#8221;off&#8221; positioning=&#8221;relative&#8221; position_origin_r=&#8221;bottom_right&#8221; vertical_offset=&#8221;0px&#8221; custom_padding=&#8221;7px|33px|7px|15px|false|false&#8221; custom_css_main_element=&#8221;font-weight: bold&#8221; custom_css_after=&#8221;font-size: 20px !important;||top: 8px;&#8221; custom_css_free_form=&#8221;body #page-container .et_pb_section .et_pb_button.et_pb_button_0:after {||  font-size: 20px !important;||}&#8221; saved_tabs=&#8221;all&#8221; locked=&#8221;off&#8221; global_colors_info=&#8221;{}&#8221;][\/et_pb_button][\/et_pb_column][et_pb_column type=&#8221;1_2&#8243; _builder_version=&#8221;4.27.4&#8243; _module_preset=&#8221;default&#8221; global_colors_info=&#8221;{}&#8221;][et_pb_blurb _builder_version=&#8221;4.27.4&#8243; _module_preset=&#8221;default&#8221; header_level=&#8221;h3&#8243; header_font=&#8221;|700|||||||&#8221; body_font_size=&#8221;16px&#8221; global_colors_info=&#8221;{}&#8221;]<\/p>\n<p class=\"mb-44\">Bei OMNI arbeiten wir hart daran, die Erwartungen unserer Kunden zu \u00fcbertreffen, und Ihre Zufriedenheit ist eine Verantwortung, die wir ernst nehmen. Wir w\u00fcrden gerne wissen, welche Erfahrungen Sie mit OMNI gemacht haben.<\/p>\n<p class=\"mb-44\">Als gesch\u00e4tzter Kunde ist Ihr Feedback wichtig, damit wir die Qualit\u00e4t unserer Produkte und Dienstleistungen kontinuierlich verbessern k\u00f6nnen.<\/p>\n<p>Bitte teilen Sie uns Ihr Feedback mit.<\/p>\n<ul><\/ul>\n<p>[\/et_pb_blurb][\/et_pb_column][\/et_pb_row][\/et_pb_section][et_pb_section fb_built=&#8221;1&#8243; admin_label=&#8221;Defining the Standard&#8221; _builder_version=&#8221;4.27.4&#8243; _module_preset=&#8221;default&#8221; background_color=&#8221;#f4f4f4&#8243; collapsed=&#8221;on&#8221; global_colors_info=&#8221;{}&#8221;][et_pb_row column_structure=&#8221;1_3,1_3,1_3&#8243; _builder_version=&#8221;4.27.4&#8243; _module_preset=&#8221;default&#8221; global_colors_info=&#8221;{}&#8221;][et_pb_column type=&#8221;1_3&#8243; _builder_version=&#8221;4.27.4&#8243; _module_preset=&#8221;default&#8221; global_colors_info=&#8221;{}&#8221;][et_pb_text _builder_version=&#8221;4.27.4&#8243; _module_preset=&#8221;default&#8221; text_text_color=&#8221;#000000&#8243; text_font_size=&#8221;38px&#8221; text_line_height=&#8221;1em&#8221; global_colors_info=&#8221;{}&#8221;]<\/p>\n<p>ISO-Zertifizierung<\/p>\n<p>[\/et_pb_text][et_pb_button button_url=&#8221;https:\/\/omnifc.wpenginepowered.com\/wp-content\/uploads\/2025\/11\/OMNI-Flow-Computers-ISO-9001-2015-Certificate-2024-to-2027.pdf&#8221; button_text=&#8221;View ISO Certificate&#8221; admin_label=&#8221;Black Button&#8221; _builder_version=&#8221;4.27.4&#8243; _module_preset=&#8221;default&#8221; custom_button=&#8221;on&#8221; button_text_size=&#8221;14px&#8221; button_text_color=&#8221;#FFFFFF&#8221; button_bg_color=&#8221;#000000&#8243; button_border_radius=&#8221;6px&#8221; button_icon=&#8221;&#x24;||divi||400&#8243; button_icon_color=&#8221;#FFFFFF&#8221; button_on_hover=&#8221;off&#8221; positioning=&#8221;relative&#8221; position_origin_r=&#8221;bottom_right&#8221; vertical_offset=&#8221;0px&#8221; custom_padding=&#8221;7px|33px|7px|15px|false|false&#8221; custom_css_main_element=&#8221;font-weight: bold&#8221; custom_css_after=&#8221;font-size: 20px !important;||top: 8px;&#8221; custom_css_free_form=&#8221;body #page-container .et_pb_section .et_pb_button.et_pb_button_0:after {||  font-size: 20px !important;||}&#8221; saved_tabs=&#8221;all&#8221; global_colors_info=&#8221;{}&#8221;][\/et_pb_button][\/et_pb_column][et_pb_column type=&#8221;1_3&#8243; _builder_version=&#8221;4.27.4&#8243; _module_preset=&#8221;default&#8221; global_colors_info=&#8221;{}&#8221;][et_pb_blurb _builder_version=&#8221;4.27.4&#8243; _module_preset=&#8221;default&#8221; header_level=&#8221;h3&#8243; header_font=&#8221;|700|||||||&#8221; body_font_size=&#8221;16px&#8221; global_colors_info=&#8221;{}&#8221;]<\/p>\n<p><strong>ISO 9001:2015<\/strong> bietet eine Reihe von Anforderungen, die f\u00fcr ein Qualit\u00e4tsmanagementsystem erf\u00fcllt sein m\u00fcssen, unabh\u00e4ngig von der Gr\u00f6\u00dfe der Organisation, der Produkt- oder Dienstleistungssparte oder dem \u00f6ffentlichen oder privaten Status. Die Zertifizierung nach der Norm ist freiwillig, und die Organisationen m\u00fcssen ein strenges Pr\u00fcfungsverfahren durch eine dritte Registrierungsstelle durchlaufen.<\/p>\n<p>&nbsp;<\/p>\n<p>[\/et_pb_blurb][\/et_pb_column][et_pb_column type=&#8221;1_3&#8243; _builder_version=&#8221;4.27.4&#8243; _module_preset=&#8221;default&#8221; global_colors_info=&#8221;{}&#8221;][et_pb_image src=&#8221;https:\/\/omnifc.wpenginepowered.com\/wp-content\/uploads\/2025\/09\/ANAB_FOoter.png&#8221; title_text=&#8221;ANAB_FOoter&#8221; _builder_version=&#8221;4.27.4&#8243; _module_preset=&#8221;default&#8221; global_colors_info=&#8221;{}&#8221;][\/et_pb_image][\/et_pb_column][\/et_pb_row][\/et_pb_section]<\/p>","protected":false},"excerpt":{"rendered":"<p>Quality and ComplianceQuality Systems Designed to Meet Global Measurement StandardsOMNI Flow Computers is committed to delivering custody transfer measurement systems that operators can trust in the most demanding environments of the oil &amp; gas value chain. For more than 35 years, our reputation has been built on a simple principle: quality is engineered, verified, and [&hellip;]<\/p>","protected":false},"author":1,"featured_media":0,"parent":0,"menu_order":0,"comment_status":"closed","ping_status":"closed","template":"","meta":{"_et_pb_use_builder":"on","_et_pb_old_content":"","_et_gb_content_width":"","footnotes":""},"class_list":["post-280819","page","type-page","status-publish","hentry"],"_links":{"self":[{"href":"https:\/\/www.omniflow.com\/de\/wp-json\/wp\/v2\/pages\/280819","targetHints":{"allow":["GET"]}}],"collection":[{"href":"https:\/\/www.omniflow.com\/de\/wp-json\/wp\/v2\/pages"}],"about":[{"href":"https:\/\/www.omniflow.com\/de\/wp-json\/wp\/v2\/types\/page"}],"author":[{"embeddable":true,"href":"https:\/\/www.omniflow.com\/de\/wp-json\/wp\/v2\/users\/1"}],"replies":[{"embeddable":true,"href":"https:\/\/www.omniflow.com\/de\/wp-json\/wp\/v2\/comments?post=280819"}],"version-history":[{"count":0,"href":"https:\/\/www.omniflow.com\/de\/wp-json\/wp\/v2\/pages\/280819\/revisions"}],"wp:attachment":[{"href":"https:\/\/www.omniflow.com\/de\/wp-json\/wp\/v2\/media?parent=280819"}],"curies":[{"name":"wp","href":"https:\/\/api.w.org\/{rel}","templated":true}]}}