{"id":280530,"date":"2025-10-02T04:30:17","date_gmt":"2025-10-02T04:30:17","guid":{"rendered":"https:\/\/omniflowdev.wpenginepowered.com\/?page_id=280530"},"modified":"2026-01-29T23:19:11","modified_gmt":"2026-01-29T23:19:11","slug":"history","status":"publish","type":"page","link":"https:\/\/www.omniflow.com\/de\/history\/","title":{"rendered":"Geschichte"},"content":{"rendered":"<p>[et_pb_section fb_built=&#8221;1&#8243; admin_label=&#8221;Section &#8211; Subpage Title&#8221; _builder_version=&#8221;4.27.4&#8243; _module_preset=&#8221;default&#8221; custom_padding=&#8221;0px||0px||false|false&#8221; global_colors_info=&#8221;{}&#8221;][et_pb_row _builder_version=&#8221;4.27.4&#8243; _module_preset=&#8221;default&#8221; custom_padding=&#8221;40px||20px||false|false&#8221; global_colors_info=&#8221;{}&#8221;][et_pb_column type=&#8221;4_4&#8243; _builder_version=&#8221;4.27.4&#8243; _module_preset=&#8221;default&#8221; global_colors_info=&#8221;{}&#8221;][et_pb_text disabled_on=&#8221;on|off|off&#8221; admin_label=&#8221;Module &#8211; Subpage Title&#8221; _builder_version=&#8221;4.27.4&#8243; _module_preset=&#8221;default&#8221; text_text_color=&#8221;#333333&#8243; text_font_size=&#8221;17px&#8221; header_text_align=&#8221;left&#8221; header_font_size=&#8221;25px&#8221; positioning=&#8221;relative&#8221; vertical_offset=&#8221;0px&#8221; horizontal_offset=&#8221;0px&#8221; z_index=&#8221;0&#8243; custom_margin=&#8221;||10px||false|false&#8221; global_module=&#8221;280504&#8243; saved_tabs=&#8221;all&#8221; locked=&#8221;off&#8221; global_colors_info=&#8221;{}&#8221;]<\/p>\n<h1><strong>Unsere Geschichte<\/strong><\/h1>\n<p>[\/et_pb_text][et_pb_text admin_label=&#8221;Module &#8211; Subpage Subtitle&#8221; _builder_version=&#8221;4.27.4&#8243; _module_preset=&#8221;default&#8221; text_font_size=&#8221;20px&#8221; header_text_align=&#8221;left&#8221; positioning=&#8221;relative&#8221; vertical_offset=&#8221;0px&#8221; horizontal_offset=&#8221;0px&#8221; z_index=&#8221;0&#8243; custom_margin=&#8221;||-4px|||&#8221; custom_css_main_element=&#8221;background: url(%22\/wp-content\/uploads\/2025\/09\/red-line-2.png%22);||background-repeat: no-repeat;||background-position: bottom left;||text-shadow: none;||padding-bottom: 15px&#8221; global_module=&#8221;280506&#8243; saved_tabs=&#8221;all&#8221; locked=&#8221;off&#8221; global_colors_info=&#8221;{}&#8221;]Worldwide trust, assembled in Texas USA.[\/et_pb_text][\/et_pb_column][\/et_pb_row][\/et_pb_section][et_pb_section fb_built=&#8221;1&#8243; admin_label=&#8221;Section &#8211; Picture with floating text row&#8221; _builder_version=&#8221;4.27.4&#8243; _module_preset=&#8221;default&#8221; custom_padding=&#8221;0px||32px|||&#8221; saved_tabs=&#8221;all&#8221; global_colors_info=&#8221;{}&#8221;][et_pb_row _builder_version=&#8221;4.27.4&#8243; _module_preset=&#8221;default&#8221; custom_padding=&#8221;0px||0px|||&#8221; global_colors_info=&#8221;{}&#8221;][et_pb_column type=&#8221;4_4&#8243; _builder_version=&#8221;4.27.4&#8243; _module_preset=&#8221;default&#8221; global_colors_info=&#8221;{}&#8221;][et_pb_text admin_label=&#8221;Module &#8211; Paragraph&#8221; _builder_version=&#8221;4.27.4&#8243; _module_preset=&#8221;default&#8221; custom_padding=&#8221;0px||0px||false|false&#8221; custom_css_main_element=&#8221;strong {||  color: black;||}&#8221; global_module=&#8221;280493&#8243; saved_tabs=&#8221;all&#8221; locked=&#8221;off&#8221; global_colors_info=&#8221;{}&#8221;]OMNI Flow Computers was founded more than three decades ago in Sugar Land, Texas, with a single purpose: to deliver uncompromising accuracy in custody transfer measurement for the oil and gas industry. From the very beginning, OMNI set itself apart by designing flow computers that were purpose-built for reliability, simplicity, and long service life.[\/et_pb_text][\/et_pb_column][\/et_pb_row][\/et_pb_section][et_pb_section fb_built=&#8221;1&#8243; admin_label=&#8221;Defining the Standard&#8221; _builder_version=&#8221;4.27.4&#8243; _module_preset=&#8221;default&#8221; custom_padding=&#8221;27px||9px|||&#8221; global_colors_info=&#8221;{}&#8221;][et_pb_row column_structure=&#8221;1_2,1_2&#8243; _builder_version=&#8221;4.27.4&#8243; _module_preset=&#8221;default&#8221; custom_padding=&#8221;1px||17px|||&#8221; global_colors_info=&#8221;{}&#8221;][et_pb_column type=&#8221;1_2&#8243; _builder_version=&#8221;4.27.4&#8243; _module_preset=&#8221;default&#8221; global_colors_info=&#8221;{}&#8221;][et_pb_text disabled_on=&#8221;on|off|off&#8221; admin_label=&#8221;Module &#8211; Subpage Title&#8221; _builder_version=&#8221;4.27.4&#8243; _module_preset=&#8221;default&#8221; text_text_color=&#8221;#333333&#8243; text_font_size=&#8221;17px&#8221; header_text_align=&#8221;left&#8221; header_font_size=&#8221;25px&#8221; positioning=&#8221;relative&#8221; vertical_offset=&#8221;0px&#8221; horizontal_offset=&#8221;0px&#8221; z_index=&#8221;0&#8243; custom_margin=&#8221;||10px||false|false&#8221; global_module=&#8221;280504&#8243; saved_tabs=&#8221;all&#8221; locked=&#8221;off&#8221; global_colors_info=&#8221;{}&#8221;]<\/p>\n<h1><strong>Urspr\u00fcnge und fr\u00fche Entwicklung<\/strong><\/h1>\n<p>[\/et_pb_text][et_pb_text admin_label=&#8221;Module &#8211; Red Bullet List&#8221; _builder_version=&#8221;4.27.4&#8243; _module_preset=&#8221;default&#8221; text_font_size=&#8221;17px&#8221; min_height=&#8221;166px&#8221; custom_margin=&#8221;||0px||false|false&#8221; custom_padding=&#8221;||0px||false|false&#8221; custom_css_main_element=&#8221;ul {||  list-style-type: square;||  margin-left: 1.2rem; \/* tweak as needed *\/||  padding-left: 0;||}||||ul li::marker {||  color: #e30000; \/* red *\/||}&#8221; global_module=&#8221;280479&#8243; saved_tabs=&#8221;all&#8221; global_colors_info=&#8221;{}&#8221;]<\/p>\n<ul>\n<li><strong>1990-1991:<\/strong> OMNI Flow Computers, Inc. wurde 1990 in Sugar Land, Texas, mit einem einzigen Schwerpunkt gegr\u00fcndet: eichpflichtige Messungen.<br \/>Die ersten OMNI-Flow-Computer wurden 1991 auf den Markt gebracht und sofort in hochwertigen eichpflichtigen Anwendungen eingesetzt, bei denen Zuverl\u00e4ssigkeit und Nachvollziehbarkeit nicht verhandelbar waren.<\/li>\n<li><strong>1991-1995: <\/strong>In den ersten f\u00fcnf Jahren konzentrierte sich OMNI auf die technischen Grundlagen, die auch heute noch die Plattform bestimmen:\n<ul>\n<li>\n<p>Firmware-zentrierte Architektur (nicht PC-basiert)<\/p>\n<\/li>\n<li>\n<p>Deterministische, \u00fcberpr\u00fcfbare Messberechnungen<\/p>\n<\/li>\n<li>\n<p>Hardware f\u00fcr den Dauerbetrieb in rauen Umgebungen<\/p>\n<\/li>\n<li>\n<p>Konsistente Philosophie der Benutzeroberfl\u00e4che zur Verringerung des operationellen Risikos<\/p>\n<\/li>\n<\/ul>\n<\/li>\n<li><strong>1995-2000: <\/strong>Ende der 1990er Jahre wurden die OMNI-Flow-Computer \u00fcberall eingesetzt:\n<ul>\n<li>Midstream-Pipeline eichpflichtiger Verkehr<\/li>\n<li>Terminals und Schiffsverladeanlagen<\/li>\n<li>Transfer von Raffinerie- und petrochemischen Rohstoffen<\/li>\n<li>Anwendungen zur Messung von Gasen und Fl\u00fcssigkeiten<\/li>\n<\/ul>\n<p>Dieser Zeitraum markiert <strong>umfassende Validierung von OMNI-Systemen im echten eichpflichtigen Verkehr<\/strong>, Viele Anlagen aus dieser Zeit bleiben bis 2025 in Betrieb und werden h\u00e4ufig durch Firmware und Teile aufger\u00fcstet, anstatt ersetzt zu werden.<\/p>\n<p>Der Ruf von OMNI f\u00fcr <strong>Integrit\u00e4t, Langlebigkeit und \u00dcberpr\u00fcfbarkeit der Messungen<\/strong> wurde in dieser Zeit gegr\u00fcndet und bildet die Grundlage f\u00fcr zuk\u00fcnftiges internationales Wachstum und beh\u00f6rdliche Zulassungen.<\/p>\n<\/li>\n<\/ul>\n<p>[\/et_pb_text][\/et_pb_column][et_pb_column type=&#8221;1_2&#8243; _builder_version=&#8221;4.27.4&#8243; _module_preset=&#8221;default&#8221; global_colors_info=&#8221;{}&#8221;][et_pb_image src=&#8221;https:\/\/omnifc.wpenginepowered.com\/wp-content\/uploads\/2025\/11\/omni-12312.png&#8221; title_text=&#8221;Increase Reliability &#8211; 10&#8243; admin_label=&#8221;Module &#8211; Side Image Rounded&#8221; _builder_version=&#8221;4.27.4&#8243; _module_preset=&#8221;default&#8221; background_enable_image=&#8221;off&#8221; custom_padding=&#8221;||3px|||&#8221; border_radii=&#8221;on|10px|10px|10px|10px&#8221; global_module=&#8221;280480&#8243; saved_tabs=&#8221;all&#8221; locked=&#8221;off&#8221; global_colors_info=&#8221;{}&#8221;][\/et_pb_image][et_pb_text disabled_on=&#8221;on|off|off&#8221; admin_label=&#8221;Module &#8211; Subpage Title&#8221; _builder_version=&#8221;4.27.4&#8243; _module_preset=&#8221;default&#8221; text_text_color=&#8221;#333333&#8243; text_font_size=&#8221;17px&#8221; header_text_align=&#8221;left&#8221; header_font_size=&#8221;25px&#8221; positioning=&#8221;relative&#8221; vertical_offset=&#8221;0px&#8221; horizontal_offset=&#8221;0px&#8221; z_index=&#8221;0&#8243; custom_margin=&#8221;||10px||false|false&#8221; global_module=&#8221;280504&#8243; saved_tabs=&#8221;all&#8221; locked=&#8221;off&#8221; global_colors_info=&#8221;{}&#8221;]<\/p>\n<h1><strong>Wachstum und kontinuierliche Verbesserung<\/strong><\/h1>\n<p>[\/et_pb_text][et_pb_text admin_label=&#8221;Module &#8211; Red Bullet List&#8221; _builder_version=&#8221;4.27.4&#8243; _module_preset=&#8221;default&#8221; text_font_size=&#8221;17px&#8221; min_height=&#8221;166px&#8221; custom_margin=&#8221;||0px||false|false&#8221; custom_padding=&#8221;||0px||false|false&#8221; custom_css_main_element=&#8221;ul {||  list-style-type: square;||  margin-left: 1.2rem; \/* tweak as needed *\/||  padding-left: 0;||}||||ul li::marker {||  color: #e30000; \/* red *\/||}&#8221; global_module=&#8221;280479&#8243; saved_tabs=&#8221;all&#8221; global_colors_info=&#8221;{}&#8221;]<\/p>\n<ul>\n<li data-start=\"651\" data-end=\"797\">\n<p data-start=\"653\" data-end=\"797\"><strong data-start=\"653\" data-end=\"663\">2000s:<\/strong> Die Serie 3000\/6000 wird st\u00e4ndig weiterentwickelt, mit zahlreichen Firmware- und Hardware-Updates, die auch \u00e4ltere Ger\u00e4te aufr\u00fcstbar machen.<\/p>\n<\/li>\n<li data-start=\"798\" data-end=\"889\">\n<p data-start=\"800\" data-end=\"889\"><strong data-start=\"800\" data-end=\"809\">2009:<\/strong> OMNI erh\u00e4lt die Zertifizierung nach ISO 9001:2008 und unterstreicht damit sein Engagement f\u00fcr Qualit\u00e4t.<\/p>\n<\/li>\n<li data-start=\"890\" data-end=\"1002\">\n<p data-start=\"892\" data-end=\"1002\"><strong data-start=\"892\" data-end=\"901\">2016:<\/strong> Das Unternehmen erh\u00e4lt die Zertifizierung nach ISO 9001:2015 und setzt damit neue Ma\u00dfst\u00e4be f\u00fcr sein Qualit\u00e4tsmanagementsystem.<\/p>\n<\/li>\n<\/ul>\n<p>[\/et_pb_text][\/et_pb_column][\/et_pb_row][\/et_pb_section][et_pb_section fb_built=&#8221;1&#8243; admin_label=&#8221;Defining the Standard&#8221; _builder_version=&#8221;4.27.4&#8243; _module_preset=&#8221;default&#8221; custom_padding=&#8221;27px||9px|||&#8221; global_colors_info=&#8221;{}&#8221;][et_pb_row column_structure=&#8221;1_2,1_2&#8243; _builder_version=&#8221;4.27.4&#8243; _module_preset=&#8221;default&#8221; custom_padding=&#8221;1px|||||&#8221; global_colors_info=&#8221;{}&#8221;][et_pb_column type=&#8221;1_2&#8243; _builder_version=&#8221;4.27.4&#8243; _module_preset=&#8221;default&#8221; global_colors_info=&#8221;{}&#8221;][et_pb_image src=&#8221;https:\/\/omnifc.wpenginepowered.com\/wp-content\/uploads\/2025\/11\/Increase-Reliability.jpg&#8221; title_text=&#8221;Increase Reliability &#8211; 10&#8243; admin_label=&#8221;Module &#8211; Side Image Rounded&#8221; _builder_version=&#8221;4.27.4&#8243; _module_preset=&#8221;default&#8221; background_enable_image=&#8221;off&#8221; custom_padding=&#8221;||3px|||&#8221; border_radii=&#8221;on|10px|10px|10px|10px&#8221; global_module=&#8221;280480&#8243; saved_tabs=&#8221;all&#8221; locked=&#8221;off&#8221; global_colors_info=&#8221;{}&#8221;][\/et_pb_image][\/et_pb_column][et_pb_column type=&#8221;1_2&#8243; _builder_version=&#8221;4.27.4&#8243; _module_preset=&#8221;default&#8221; global_colors_info=&#8221;{}&#8221;][et_pb_text disabled_on=&#8221;on|off|off&#8221; admin_label=&#8221;Module &#8211; Subpage Title&#8221; _builder_version=&#8221;4.27.4&#8243; _module_preset=&#8221;default&#8221; text_text_color=&#8221;#333333&#8243; text_font_size=&#8221;17px&#8221; header_text_align=&#8221;left&#8221; header_font_size=&#8221;25px&#8221; positioning=&#8221;relative&#8221; vertical_offset=&#8221;0px&#8221; horizontal_offset=&#8221;0px&#8221; z_index=&#8221;0&#8243; custom_margin=&#8221;||10px||false|false&#8221; global_module=&#8221;280504&#8243; saved_tabs=&#8221;all&#8221; locked=&#8221;off&#8221; global_colors_info=&#8221;{}&#8221;]<\/p>\n<h1><strong>Neue Produkteinf\u00fchrungen<\/strong><\/h1>\n<p>[\/et_pb_text][et_pb_text admin_label=&#8221;Module &#8211; Red Bullet List&#8221; _builder_version=&#8221;4.27.4&#8243; _module_preset=&#8221;default&#8221; text_font_size=&#8221;17px&#8221; min_height=&#8221;166px&#8221; custom_margin=&#8221;||0px||false|false&#8221; custom_padding=&#8221;||0px||false|false&#8221; custom_css_main_element=&#8221;ul {||  list-style-type: square;||  margin-left: 1.2rem; \/* tweak as needed *\/||  padding-left: 0;||}||||ul li::marker {||  color: #e30000; \/* red *\/||}&#8221; global_module=&#8221;280479&#8243; saved_tabs=&#8221;all&#8221; global_colors_info=&#8221;{}&#8221;]<\/p>\n<ul>\n<li data-start=\"1042\" data-end=\"1257\">\n<p data-start=\"1044\" data-end=\"1257\"><strong data-start=\"1044\" data-end=\"1058\">2018:<\/strong> <span style=\"font-weight: 400;\">OMNI bringt die Serie 4000\/7000 auf den Markt. Diese Produkte zeichnen sich durch verbesserte Sicherheit, erweiterte E\/A-Kapazit\u00e4t und st\u00e4rkere Konformit\u00e4t aus. Sie werden schnell zum empfohlenen Upgrade-Pfad f\u00fcr bestehende Kunden.<\/span><\/p>\n<\/li>\n<li data-start=\"1258\" data-end=\"1413\">\n<p data-start=\"1260\" data-end=\"1413\"><strong data-start=\"1260\" data-end=\"1269\">2019:<\/strong> <span style=\"font-weight: 400;\">Verbesserte Versionen der urspr\u00fcnglichen Serie (3000E\/6000E) deb\u00fctieren mit verbesserter Sicherheit und fortgeschrittenem Auditing neben mehreren neuen Funktionen.<\/span><\/p>\n<\/li>\n<\/ul>\n<p>[\/et_pb_text][et_pb_text disabled_on=\u201don|off|off\u201d admin_label=\u201dModule \u2013 Subpage Title\u201d _builder_version=\u201d4.27.4\u2033 _module_preset=\u201ddefault\u201d text_text_color=\u201d#333333\u2033 text_font_size=\u201d17px\u201d header_text_align=\u201dleft\u201d header_font_size=\u201d25px\u201d positioning=\u201drelative\u201d vertical_offset=\u201d0px\u201d horizontal_offset=\u201d0px\u201d z_index=\u201d0\u2033 custom_margin=\u201d||10px||false|false\u201d global_module=\u201d280504\u2033 saved_tabs=\u201dall\u201d locked=\u201doff\u201d global_colors_info=\u201d{}\u201d]<\/p>\n<h1><strong>Lebenszyklus-Management und Modernisierung<\/strong><\/h1>\n<p>[\/et_pb_text][et_pb_text admin_label=&#8221;Module &#8211; Red Bullet List&#8221; _builder_version=&#8221;4.27.4&#8243; _module_preset=&#8221;default&#8221; text_font_size=&#8221;17px&#8221; min_height=&#8221;166px&#8221; custom_margin=&#8221;||0px||false|false&#8221; custom_padding=&#8221;||0px||false|false&#8221; custom_css_main_element=&#8221;ul {||  list-style-type: square;||  margin-left: 1.2rem; \/* tweak as needed *\/||  padding-left: 0;||}||||ul li::marker {||  color: #e30000; \/* red *\/||}&#8221; global_module=&#8221;280479&#8243; saved_tabs=&#8221;all&#8221; global_colors_info=&#8221;{}&#8221;]<\/p>\n<ul>\n<li data-start=\"1471\" data-end=\"1567\">\n<p data-start=\"1473\" data-end=\"1567\"><strong data-start=\"1473\" data-end=\"1482\">2013:<\/strong> Das Unternehmen gibt an, dass die Lebensdauer der 3000\/6000-Produkte in zehn Jahren endet.<\/p>\n<\/li>\n<li data-start=\"1568\" data-end=\"1720\">\n<p data-start=\"1570\" data-end=\"1720\"><strong data-start=\"1570\" data-end=\"1579\">2024:<\/strong> OMNI k\u00fcndigt an, dass die Produktion der 3000\/6000-Produkte im Jahr 2025 ausl\u00e4uft und der Support noch einige Jahre weiterl\u00e4uft.<\/p>\n<\/li>\n<li data-start=\"1721\" data-end=\"1851\">\n<p data-start=\"1723\" data-end=\"1851\"><strong data-start=\"1723\" data-end=\"1732\">2025:<\/strong> Die Serie 4000\/7000 wird zum Hauptangebot und unterstreicht OMNIs kontinuierliche Entwicklung hin zu zukunftsweisender Technologie.<\/p>\n<\/li>\n<\/ul>\n<p>[\/et_pb_text][\/et_pb_column][\/et_pb_row][\/et_pb_section][et_pb_section fb_built=&#8221;1&#8243; admin_label=&#8221;Defining the Standard&#8221; _builder_version=&#8221;4.27.4&#8243; _module_preset=&#8221;default&#8221; custom_padding=&#8221;||||false|false&#8221; global_colors_info=&#8221;{}&#8221;][et_pb_row admin_label=&#8221;Picture with floating text row&#8221; _builder_version=&#8221;4.27.4&#8243; _module_preset=&#8221;default&#8221; background_image=&#8221;https:\/\/omnifc.wpenginepowered.com\/wp-content\/uploads\/2025\/11\/omni-87ehusdf.png&#8221; width=&#8221;100%&#8221; max_width=&#8221;1195px&#8221; module_alignment=&#8221;center&#8221; height=&#8221;546px&#8221; max_height=&#8221;546px&#8221; border_radii=&#8221;on|10px|10px|10px|10px&#8221; global_module=&#8221;280644&#8243; saved_tabs=&#8221;all&#8221; global_colors_info=&#8221;{}&#8221;][et_pb_column type=&#8221;4_4&#8243; _builder_version=&#8221;4.27.4&#8243; _module_preset=&#8221;default&#8221; global_colors_info=&#8221;{}&#8221;][et_pb_blurb title=&#8221;Today and Beyond&#8230;&#8221; _builder_version=&#8221;4.27.4&#8243; _module_preset=&#8221;default&#8221; header_font=&#8221;|700|||||||&#8221; header_text_color=&#8221;#FFFFFF&#8221; body_text_color=&#8221;#FFFFFF&#8221; background_color=&#8221;gcid-6b021242-b54a-4040-aa27-44e1f5319d99&#8243; width=&#8221;100%&#8221; max_width=&#8221;50%&#8221; custom_css_main_element=&#8221;||padding: 20px 0px 20px 0px;||border-radius: 10px 0px 0px 10px;||float: right;&#8221; box_shadow_style=&#8221;preset3&#8243; box_shadow_color=&#8221;RGBA(255,255,255,0)&#8221; global_colors_info=&#8221;{%22gcid-6b021242-b54a-4040-aa27-44e1f5319d99%22:%91%22background_color%22%93}&#8221;]<\/p>\n<ul>\n<li data-start=\"1875\" data-end=\"1987\">\n<p data-start=\"1877\" data-end=\"1987\">Die Durchflussrechner von OMNI sind jetzt verbunden mit <strong>Zehntausende<\/strong> von Durchflussmessern in mehr als 100 L\u00e4ndern.<\/p>\n<\/li>\n<li data-start=\"1988\" data-end=\"2082\">\n<p data-start=\"1990\" data-end=\"2082\">Das Unternehmen konzentriert sich weiterhin auf die Erd\u00f6lmessung und das Datenmanagement.<\/p>\n<\/li>\n<li data-start=\"2083\" data-end=\"2208\">\n<p data-start=\"2085\" data-end=\"2208\">Die Kunden werden mit Zuversicht zu moderner Hardware gef\u00fchrt und k\u00f6nnen sich auf kontinuierliche Zuverl\u00e4ssigkeit und starken technischen Support verlassen.<\/p>\n<\/li>\n<\/ul>\n<p>[\/et_pb_blurb][\/et_pb_column][\/et_pb_row][\/et_pb_section]<\/p>","protected":false},"excerpt":{"rendered":"<p>Our historyWorldwide trust, assembled in Texas USA.OMNI Flow Computers was founded more than three decades ago in Sugar Land, Texas, with a single purpose: to deliver uncompromising accuracy in custody transfer measurement for the oil and gas industry. From the very beginning, OMNI set itself apart by designing flow computers that were purpose-built for reliability, [&hellip;]<\/p>","protected":false},"author":1,"featured_media":0,"parent":0,"menu_order":0,"comment_status":"closed","ping_status":"closed","template":"","meta":{"_et_pb_use_builder":"on","_et_pb_old_content":"","_et_gb_content_width":"","footnotes":""},"class_list":["post-280530","page","type-page","status-publish","hentry"],"_links":{"self":[{"href":"https:\/\/www.omniflow.com\/de\/wp-json\/wp\/v2\/pages\/280530","targetHints":{"allow":["GET"]}}],"collection":[{"href":"https:\/\/www.omniflow.com\/de\/wp-json\/wp\/v2\/pages"}],"about":[{"href":"https:\/\/www.omniflow.com\/de\/wp-json\/wp\/v2\/types\/page"}],"author":[{"embeddable":true,"href":"https:\/\/www.omniflow.com\/de\/wp-json\/wp\/v2\/users\/1"}],"replies":[{"embeddable":true,"href":"https:\/\/www.omniflow.com\/de\/wp-json\/wp\/v2\/comments?post=280530"}],"version-history":[{"count":0,"href":"https:\/\/www.omniflow.com\/de\/wp-json\/wp\/v2\/pages\/280530\/revisions"}],"wp:attachment":[{"href":"https:\/\/www.omniflow.com\/de\/wp-json\/wp\/v2\/media?parent=280530"}],"curies":[{"name":"wp","href":"https:\/\/api.w.org\/{rel}","templated":true}]}}